{"id":30519,"date":"2023-06-22T12:22:11","date_gmt":"2023-06-22T10:22:11","guid":{"rendered":"https:\/\/raisondhetre.ch\/cours\/kids-aerial-yoga\/"},"modified":"2025-11-16T22:54:30","modified_gmt":"2025-11-16T21:54:30","slug":"kids-aerial-yoga","status":"publish","type":"page","link":"https:\/\/raisondhetre.ch\/fr\/cours\/kids-aerial-yoga\/","title":{"rendered":"Kids &#038; Teen Fly Yoga"},"content":{"rendered":"\n<p>La t\u00eate en l&rsquo;air et les pieds sur terre: un programme annuel de yoga a\u00e9rien et bien-\u00eatre pour les enfants.<\/p>\n\n\n\n<title>Kids Fly Yoga<\/title>\n\t\t\t\n<div class=\"ttcont\">\t\t\n<table class=\"timetable-s\">\n\t\t\t<tbody><tr>\n\t\t\t\t<th colspan=\"3\">COURS<\/th>\n\t\t\t<\/tr>\n<tr>\n    <td>Lun<\/td>\n    <td>18:00 &#8211; 19:00<\/td>\n    <td>Fly Yoga &#038; Bien-\u00eatre <span style=\"font-size:14px;\">(10+ ans) <\/span><\/td>\n<td><a class=\"book-button\" href=\"https:\/\/app.acuityscheduling.com\/schedule.php?owner=20367979&#038;appointmentType=63973510\" target=\"_blank\" rel=\"noopener\">R\u00e9server<\/a>\n<link rel=\"stylesheet\" href=\"https:\/\/embed.acuityscheduling.com\/embed\/button\/20367979.css\" id=\"acuity-button-styles\">\n<script src=\"https:\/\/embed.acuityscheduling.com\/embed\/button\/20367979.js\" async=\"\"><\/script>\n<\/td>\n<\/tr>\n\n<tr>\n    <td>Mar<\/td>\n    <td>18:00 &#8211; 19:00<\/td>\n    <td>Bien-\u00eatre &#038; Mouvement A\u00e9rien <span style=\"font-size:14px;\">(13-15 ans)<\/span><\/td>\n<td><a class=\"book-button\" href=\"https:\/\/app.acuityscheduling.com\/schedule.php?owner=20367979&#038;appointmentType=41620937\" target=\"_blank\" rel=\"noopener\">R\u00e9server<\/a>\n<link rel=\"stylesheet\" href=\"https:\/\/embed.acuityscheduling.com\/embed\/button\/20367979.css\" id=\"acuity-button-styles\">\n<script src=\"https:\/\/embed.acuityscheduling.com\/embed\/button\/20367979.js\" async=\"\"><\/script>\n<\/td>\n<\/tr>\n<!--<tr>\n\t\t\t\t<td>Mer<\/td>\n\t\t\t\t<td>14:00 - 14:50<\/td>\n\t\t\t\t<td class=\"new_bubble_fr\">Danse A\u00e9rienne & Bien-\u00eatre <span style=\"font-size:14px;\">(6-9 ans)<\/span><\/td>\n<td><a class=\"book-button\" href=\"https:\/\/app.acuityscheduling.com\/schedule.php?owner=20367979&appointmentType=78401200\" target=\"_blank\" rel=\"noopener\">R\u00e9server<\/a>\n<\/td>\n\t\t\t<\/tr>-->\n<tr>\n\t\t\t\t<td>Mer<\/td>\n\t\t\t\t<td>16:00 &#8211; 16:45<\/td>\n\t\t\t\t<td>Kids Fly Yoga &#038; Bien-\u00eatre <span style=\"font-size:14px;\">(3-6 ans)<\/span><\/td>\n<td><a class=\"book-button\" href=\"https:\/\/app.acuityscheduling.com\/schedule.php?owner=20367979&#038;appointmentType=63973370\" target=\"_blank\" rel=\"noopener\">R\u00e9server<\/a>\n<link rel=\"stylesheet\" href=\"https:\/\/embed.acuityscheduling.com\/embed\/button\/20367979.css\" id=\"acuity-button-styles\">\n<script src=\"https:\/\/embed.acuityscheduling.com\/embed\/button\/20367979.js\" async=\"\"><\/script>\n<\/td>\n\t\t\t<\/tr>\n\n<tr>\n    <td><\/td>\n    <td>17:00 &#8211; 18:00<\/td>\n    <td>Kids Fly Yoga &#038; Bien-\u00eatre <span style=\"font-size:14px;\">(6-9 ans)<\/span><\/td>\n<td><a class=\"book-button\" href=\"https:\/\/app.acuityscheduling.com\/schedule.php?owner=20367979&#038;appointmentType=48987428\" target=\"_blank\" rel=\"noopener\">R\u00e9server<\/a>\n    <link rel=\"stylesheet\" href=\"https:\/\/embed.acuityscheduling.com\/embed\/button\/20367979.css\" id=\"acuity-button-styles\">\n<script src=\"https:\/\/embed.acuityscheduling.com\/embed\/button\/20367979.js\" async=\"\"><\/script>\n<\/td>\n<\/tr>\n<!--<tr>\n\t\t\t\t<td>Dim<\/td>\n\t\t\t\t<td>16:30 - 17:30<\/td>\n\t\t\t\t<td class=\"new_bubble_fr\">Respiration & Mouvement A\u00e9rien <span style=\"font-size:14px;\">(9-15 ans)<\/span><\/td>\n<td><a class=\"book-button\" href=\"https:\/\/app.acuityscheduling.com\/schedule.php?owner=20367979&appointmentType=73660828\" target=\"_blank\" rel=\"noopener\">R\u00e9server<\/a>\n<link rel=\"stylesheet\" href=\"https:\/\/embed.acuityscheduling.com\/embed\/button\/20367979.css\" id=\"acuity-button-styles\">\n<script src=\"https:\/\/embed.acuityscheduling.com\/embed\/button\/20367979.js\" async=\"\"><\/script><\/td>\n\t\t\t<\/tr>-->\n\n\t\t\t<\/tbody><\/table>\n<p>Les cours ont lieu durant l&rsquo;ann\u00e9e scolaire et respectent les <a href=\"https:\/\/www.vd.ch\/formation\/jours-feries-et-vacances-scolaires\/jours-feries-et-vacances-scolaires-2025\" target=\"_blank\" rel=\"noopener\">vacances scolaires vaudoises<\/a>.<\/p>\n<p>Au besoin, d&rsquo;autres cours peuvent \u00eatre ajout\u00e9s.<\/p>\n<br>\n<\/div>\n\n\n\n<h4 class=\"wp-block-heading\"><strong>Co\u00fbt<\/strong><\/h4>\n\n\n\n<p>Le co\u00fbt de CHF 1\u2019140 est un prix annuel d\u00e9bit\u00e9 par mois pendant 10 mois (CHF 100\/mois), avec des frais d\u2019inscription initiaux non-remboursables de CHF 140. C\u2019est la seule option de paiement disponible pour ce programme. Si quelqu\u2019un rencontre des difficult\u00e9s financi\u00e8res et souhaite que son enfant rejoigne le programme, veuillez nous contacter en priv\u00e9 par e-mail <a href=\"mailto:info@raisondhetre.ch\">info@raisondhetre.ch<\/a>. L\u2019intention doit \u00eatre de s\u2019inscrire pour l\u2019ann\u00e9e car le programme se construit d\u2019une semaine \u00e0 l\u2019autre et prend du temps, mais il est possible d\u2019annuler avec un pr\u00e9avis de 2 semaines. Aucun remboursement ou remplacement n\u2019est offert si votre enfant ne vient pas en cours car un hamac est r\u00e9serv\u00e9 par enfant et les petits groupes sont respect\u00e9s.<\/p>\n\n\n\n<h4 class=\"wp-block-heading\"><strong>Pourquoi choisir le Kids Fly Yoga comme activit\u00e9 extra-scolaire pour mon enfant?<\/strong><\/h4>\n\n\n\n<p>Le yoga a\u00e9rien est une forme de yoga qui implique la pratique de postures et \u00e9tirements tout en VOLANT dans un hamac.<\/p>\n\n\n\n<p><strong>Am\u00e9liore la force et la souplesse:<\/strong> Le yoga a\u00e9rien consiste \u00e0 utiliser un hamac pour soutenir et accompagner diverses postures de yoga, ce qui contribue \u00e0 d\u00e9velopper la force et la souplesse.<\/p>\n\n\n\n<p><strong>Am\u00e9liore l&rsquo;\u00e9quilibre et la coordination:<\/strong> Le yoga a\u00e9rien exige beaucoup d&rsquo;\u00e9quilibre et de coordination, ce qui peut aider les enfants \u00e0 d\u00e9velopper ces comp\u00e9tences.<\/p>\n\n\n\n<p><strong>Augmente la conscience corporelle:<\/strong> Le yoga a\u00e9rien se pratique en suspension dans les airs, ce qui demande aux enfants d&rsquo;\u00eatre attentifs \u00e0 leur corps et \u00e0 ses mouvements dans l&rsquo;espace, ce qui peut accro\u00eetre leur conscience corporelle.<\/p>\n\n\n\n<p><strong>D\u00e9veloppe la confiance en soi:<\/strong> Le yoga a\u00e9rien peut \u00eatre difficile, mais en surmontant ces difficult\u00e9s, les enfants gagnent en confiance en eux et en leurs capacit\u00e9s.<\/p>\n\n\n\n<p><strong>Offre une exp\u00e9rience ludique et unique:<\/strong> Le yoga a\u00e9rien est une fa\u00e7on stimulante et diff\u00e9rente de pratiquer le yoga pour les enfants, ce qui peut le rendre plus amusant.<\/p>\n\n\n\n<p>Le yoga a\u00e9rien est une fa\u00e7on amusante et b\u00e9n\u00e9fique pour les enfants de rester actifs et d&rsquo;am\u00e9liorer leur sant\u00e9 physique et mentale.<\/p>\n\n\n\n<h4 class=\"wp-block-heading\"><strong>Outre le yoga a\u00e9rien, quelles autres techniques de bien-\u00eatre sont abord\u00e9es?<\/strong><\/h4>\n\n\n\n<p>Chaque cours commence au sol, en cercle, pour apprendre \u00e0 partager, \u00e0 acqu\u00e9rir une technique de bien-\u00eatre et \u00e0 s&rsquo;ancrer avant de s&rsquo;envoler. Professeure de yoga sur tapis, professeure de yoga a\u00e9rien et sophrologue (la sophrologie est une technique de relaxation qui int\u00e8gre des exercices de respiration, de visualisation et de m\u00e9ditation), je mets mon expertise au service de vos enfants et adolescents.<\/p>\n\n\n\n<h4 class=\"wp-block-heading\"><strong>Pourquoi avec Clare<\/strong>?<\/h4>\n\n\n\n<p>Clare poss\u00e8de les connaissances et l&rsquo;expertise n\u00e9cessaires pour concevoir et proposer un programme holistique pour enfants alliant les bienfaits de la sophrologie et du yoga. Professeure de yoga et sophrologue certifi\u00e9e (th\u00e9rapeute ASCA), elle a suivi une formation compl\u00e9mentaire pour travailler avec les enfants, est conf\u00e9renci\u00e8re TEDx sur le yoga et la sophrologie pour enfants et a travaill\u00e9 dans diverses \u00e9coles. Elle poss\u00e8de son propre studio de yoga depuis 2019.<\/p>\n\n\n\n<p>Clare peut adapter son approche aux besoins sp\u00e9cifiques de votre enfant. Elle comprend que chaque enfant est unique et n\u00e9cessite une approche personnalis\u00e9e pour assurer son bien-\u00eatre.<\/p>\n\n\n\n<p>Le programme de Clare met l&rsquo;accent sur la connexion corps-esprit, essentielle \u00e0 une sant\u00e9 et un bien-\u00eatre optimaux. Elle comprend l&rsquo;importance de d\u00e9velopper de saines habitudes d\u00e8s le plus jeune \u00e2ge pour favoriser un bien-\u00eatre durable.<\/p>\n\n\n\n<p>Gr\u00e2ce \u00e0 son programme, Clare peut aider les enfants \u00e0 d\u00e9velopper des outils pour g\u00e9rer le stress et l&rsquo;anxi\u00e9t\u00e9. Cela peut contribuer \u00e0 am\u00e9liorer leur sant\u00e9 mentale, leur humeur et leur qualit\u00e9 de vie en g\u00e9n\u00e9ral.<\/p>\n\n\n\n<p>Le programme de Clare est con\u00e7u pour \u00eatre amusant et stimulant pour les enfants. Elle int\u00e8gre le jeu et l\u2019imagination dans ses cours, ce qui peut aider les enfants \u00e0 d\u00e9velopper leur confiance, \u00e0 am\u00e9liorer leur cr\u00e9ativit\u00e9 et \u00e0 am\u00e9liorer leur concentration.<\/p>\n\n\n\n<figure class=\"wp-block-image size-full\"><img loading=\"lazy\" decoding=\"async\" width=\"1240\" height=\"1748\" src=\"https:\/\/raisondhetre.ch\/wp-content\/uploads\/2023\/06\/Childrens-yoga_A6-new-013.jpg\" alt=\"Kids Fly Yoga\" class=\"wp-image-30443\" srcset=\"https:\/\/raisondhetre.ch\/wp-content\/uploads\/2023\/06\/Childrens-yoga_A6-new-013.jpg 1240w, https:\/\/raisondhetre.ch\/wp-content\/uploads\/2023\/06\/Childrens-yoga_A6-new-013-213x300.jpg 213w, https:\/\/raisondhetre.ch\/wp-content\/uploads\/2023\/06\/Childrens-yoga_A6-new-013-726x1024.jpg 726w, https:\/\/raisondhetre.ch\/wp-content\/uploads\/2023\/06\/Childrens-yoga_A6-new-013-768x1083.jpg 768w, https:\/\/raisondhetre.ch\/wp-content\/uploads\/2023\/06\/Childrens-yoga_A6-new-013-1090x1536.jpg 1090w\" sizes=\"auto, (max-width: 1240px) 100vw, 1240px\" \/><\/figure>\n\n\n\n<link rel=\"stylesheet\" href=\"https:\/\/fonts.googleapis.com\/css?family=Lato\">\n<style>\n\n.book-btn {\n    display: block;\n    position: fixed;\n    right: 0;\n    top: 50%;\n    z-index: 9998;\n    cursor: pointer;\n    transform: translateY(-50%);\n    -ms-transform: translateY(-50%);\n    -webkit-transform: translateY(-50%);\n    -moz-transform: translateY(-50%);\n    transform: rotate(-90deg);\n  -webkit-transform: rotate(-90deg);\n  -moz-transform: rotate(-90deg);\n  -ms-transform: rotate(-90deg);\n  -o-transform: rotate(-90deg);\n  filter: progid:DXImageTransform.Microsoft.BasicImage(rotation=3);\n  text-decoration: none;\n  font-size: 1.2rem;\n  font-weight: bold;\n  background: rgb(230,61,65);\nbackground: linear-gradient(180deg, rgba(230,61,65,1) 40%, rgba(167,49,54,1) 100%);\n  color: white;\n  padding: 15px 30px;\n  margin-right: -91px;\n  font-family: 'Lato', sans serif;\n}\n@media (max-width: 600px) {\n.book-btn {\nright: auto;\nleft:0;\nwidth: 103%;\ntop:auto;\ntext-align: center;\nbottom:0;\n    transform: none;\n  -webkit-transform: none;\n  -moz-transform: none;\n  -ms-transform: none;\n  -o-transform: none;\n  filter: progid:DXImageTransform.Microsoft.BasicImage(rotation=0)\n  margin-right: 0;\n  margin-left: -8px;\n  padding: 15px 0;\n}\n}\n<\/style>\n\n\n<a class=\"book-btn\" href=\"https:\/\/raisondhetre.ch\/book-a-class\/\">R\u00e9server maintenant<\/a>\n","protected":false},"excerpt":{"rendered":"<p>La t\u00eate en l&rsquo;air et les pieds sur terre: un programme annuel de yoga a\u00e9rien et bien-\u00eatre pour les enfants. &hellip; <a href=\"https:\/\/raisondhetre.ch\/fr\/cours\/kids-aerial-yoga\/\" class=\"more-link\">Lire la suite de <span class=\"screen-reader-text\">Kids &#038; Teen Fly Yoga<\/span><\/a><\/p>\n","protected":false},"author":1,"featured_media":30153,"parent":30187,"menu_order":0,"comment_status":"closed","ping_status":"closed","template":"full-width-page.php","meta":{"_monsterinsights_skip_tracking":false,"_monsterinsights_sitenote_active":false,"_monsterinsights_sitenote_note":"","_monsterinsights_sitenote_category":0,"footnotes":""},"tags":[],"class_list":["post-30519","page","type-page","status-publish","has-post-thumbnail","hentry"],"yoast_head":"<!-- This site is optimized with the Yoast SEO plugin v26.7 - https:\/\/yoast.com\/wordpress\/plugins\/seo\/ -->\n<title>Aerial Yoga: Kids &amp; Teen Fly Yoga | Raison d&#039;H\u00eatre<\/title>\n<meta name=\"description\" content=\"Aerial yoga improves core strength, flexibility, enhances balance, coordination, increases body awareness, builds confidence, provides fun!\" \/>\n<meta name=\"robots\" content=\"index, follow, max-snippet:-1, max-image-preview:large, max-video-preview:-1\" \/>\n<link rel=\"canonical\" href=\"https:\/\/raisondhetre.ch\/fr\/cours\/kids-aerial-yoga\/\" \/>\n<meta property=\"og:locale\" content=\"fr_FR\" \/>\n<meta property=\"og:type\" content=\"article\" \/>\n<meta property=\"og:title\" content=\"Aerial Yoga: Kids &amp; Teen Fly Yoga | Raison d&#039;H\u00eatre\" \/>\n<meta property=\"og:description\" content=\"Aerial yoga improves core strength, flexibility, enhances balance, coordination, increases body awareness, builds confidence, provides fun!\" \/>\n<meta property=\"og:url\" content=\"https:\/\/raisondhetre.ch\/fr\/cours\/kids-aerial-yoga\/\" \/>\n<meta property=\"og:site_name\" content=\"Raison d&#039;H\u00eatre\" \/>\n<meta property=\"article:publisher\" content=\"https:\/\/www.facebook.com\/Raison-dh%c3%aatre-109802160403870\" \/>\n<meta property=\"article:modified_time\" content=\"2025-11-16T21:54:30+00:00\" \/>\n<meta property=\"og:image\" content=\"https:\/\/raisondhetre.ch\/wp-content\/uploads\/2022\/10\/pexels-photo-289586.jpeg\" \/>\n\t<meta property=\"og:image:width\" content=\"1880\" \/>\n\t<meta property=\"og:image:height\" content=\"1144\" \/>\n\t<meta property=\"og:image:type\" content=\"image\/jpeg\" \/>\n<meta name=\"twitter:card\" content=\"summary_large_image\" \/>\n<meta name=\"twitter:label1\" content=\"Dur\u00e9e de lecture estim\u00e9e\" \/>\n\t<meta name=\"twitter:data1\" content=\"4 minutes\" \/>\n<script type=\"application\/ld+json\" class=\"yoast-schema-graph\">{\"@context\":\"https:\/\/schema.org\",\"@graph\":[{\"@type\":\"WebPage\",\"@id\":\"https:\/\/raisondhetre.ch\/fr\/cours\/kids-aerial-yoga\/\",\"url\":\"https:\/\/raisondhetre.ch\/fr\/cours\/kids-aerial-yoga\/\",\"name\":\"Aerial Yoga: Kids & Teen Fly Yoga | Raison d&#039;H\u00eatre\",\"isPartOf\":{\"@id\":\"https:\/\/raisondhetre.ch\/fr\/#website\"},\"primaryImageOfPage\":{\"@id\":\"https:\/\/raisondhetre.ch\/fr\/cours\/kids-aerial-yoga\/#primaryimage\"},\"image\":{\"@id\":\"https:\/\/raisondhetre.ch\/fr\/cours\/kids-aerial-yoga\/#primaryimage\"},\"thumbnailUrl\":\"https:\/\/raisondhetre.ch\/wp-content\/uploads\/2022\/10\/pexels-photo-289586.jpeg\",\"datePublished\":\"2023-06-22T10:22:11+00:00\",\"dateModified\":\"2025-11-16T21:54:30+00:00\",\"description\":\"Aerial yoga improves core strength, flexibility, enhances balance, coordination, increases body awareness, builds confidence, provides fun!\",\"breadcrumb\":{\"@id\":\"https:\/\/raisondhetre.ch\/fr\/cours\/kids-aerial-yoga\/#breadcrumb\"},\"inLanguage\":\"fr-FR\",\"potentialAction\":[{\"@type\":\"ReadAction\",\"target\":[\"https:\/\/raisondhetre.ch\/fr\/cours\/kids-aerial-yoga\/\"]}]},{\"@type\":\"ImageObject\",\"inLanguage\":\"fr-FR\",\"@id\":\"https:\/\/raisondhetre.ch\/fr\/cours\/kids-aerial-yoga\/#primaryimage\",\"url\":\"https:\/\/raisondhetre.ch\/wp-content\/uploads\/2022\/10\/pexels-photo-289586.jpeg\",\"contentUrl\":\"https:\/\/raisondhetre.ch\/wp-content\/uploads\/2022\/10\/pexels-photo-289586.jpeg\",\"width\":1880,\"height\":1144,\"caption\":\"Photo by Pixabay on Pexels.com\"},{\"@type\":\"BreadcrumbList\",\"@id\":\"https:\/\/raisondhetre.ch\/fr\/cours\/kids-aerial-yoga\/#breadcrumb\",\"itemListElement\":[{\"@type\":\"ListItem\",\"position\":1,\"name\":\"Home\",\"item\":\"https:\/\/raisondhetre.ch\/fr\/\"},{\"@type\":\"ListItem\",\"position\":2,\"name\":\"Cours\",\"item\":\"https:\/\/raisondhetre.ch\/fr\/cours\/\"},{\"@type\":\"ListItem\",\"position\":3,\"name\":\"Kids &#038; Teen Fly Yoga\"}]},{\"@type\":\"WebSite\",\"@id\":\"https:\/\/raisondhetre.ch\/fr\/#website\",\"url\":\"https:\/\/raisondhetre.ch\/fr\/\",\"name\":\"Raison d'H\u00eatre\",\"description\":\"Classes for young and old\",\"publisher\":{\"@id\":\"https:\/\/raisondhetre.ch\/fr\/#organization\"},\"potentialAction\":[{\"@type\":\"SearchAction\",\"target\":{\"@type\":\"EntryPoint\",\"urlTemplate\":\"https:\/\/raisondhetre.ch\/fr\/?s={search_term_string}\"},\"query-input\":{\"@type\":\"PropertyValueSpecification\",\"valueRequired\":true,\"valueName\":\"search_term_string\"}}],\"inLanguage\":\"fr-FR\"},{\"@type\":\"Organization\",\"@id\":\"https:\/\/raisondhetre.ch\/fr\/#organization\",\"name\":\"Raison d'H\u00eatre S\u00e0rl\",\"url\":\"https:\/\/raisondhetre.ch\/fr\/\",\"logo\":{\"@type\":\"ImageObject\",\"inLanguage\":\"fr-FR\",\"@id\":\"https:\/\/raisondhetre.ch\/fr\/#\/schema\/logo\/image\/\",\"url\":\"https:\/\/raisondhetre.ch\/wp-content\/uploads\/2019\/08\/Logo-1.png\",\"contentUrl\":\"https:\/\/raisondhetre.ch\/wp-content\/uploads\/2019\/08\/Logo-1.png\",\"width\":250,\"height\":245,\"caption\":\"Raison d'H\u00eatre S\u00e0rl\"},\"image\":{\"@id\":\"https:\/\/raisondhetre.ch\/fr\/#\/schema\/logo\/image\/\"},\"sameAs\":[\"https:\/\/www.facebook.com\/Raison-dh\u00eatre-109802160403870\"]}]}<\/script>\n<!-- \/ Yoast SEO plugin. -->","yoast_head_json":{"title":"Aerial Yoga: Kids & Teen Fly Yoga | Raison d&#039;H\u00eatre","description":"Aerial yoga improves core strength, flexibility, enhances balance, coordination, increases body awareness, builds confidence, provides fun!","robots":{"index":"index","follow":"follow","max-snippet":"max-snippet:-1","max-image-preview":"max-image-preview:large","max-video-preview":"max-video-preview:-1"},"canonical":"https:\/\/raisondhetre.ch\/fr\/cours\/kids-aerial-yoga\/","og_locale":"fr_FR","og_type":"article","og_title":"Aerial Yoga: Kids & Teen Fly Yoga | Raison d&#039;H\u00eatre","og_description":"Aerial yoga improves core strength, flexibility, enhances balance, coordination, increases body awareness, builds confidence, provides fun!","og_url":"https:\/\/raisondhetre.ch\/fr\/cours\/kids-aerial-yoga\/","og_site_name":"Raison d&#039;H\u00eatre","article_publisher":"https:\/\/www.facebook.com\/Raison-dh%c3%aatre-109802160403870","article_modified_time":"2025-11-16T21:54:30+00:00","og_image":[{"width":1880,"height":1144,"url":"https:\/\/raisondhetre.ch\/wp-content\/uploads\/2022\/10\/pexels-photo-289586.jpeg","type":"image\/jpeg"}],"twitter_card":"summary_large_image","twitter_misc":{"Dur\u00e9e de lecture estim\u00e9e":"4 minutes"},"schema":{"@context":"https:\/\/schema.org","@graph":[{"@type":"WebPage","@id":"https:\/\/raisondhetre.ch\/fr\/cours\/kids-aerial-yoga\/","url":"https:\/\/raisondhetre.ch\/fr\/cours\/kids-aerial-yoga\/","name":"Aerial Yoga: Kids & Teen Fly Yoga | Raison d&#039;H\u00eatre","isPartOf":{"@id":"https:\/\/raisondhetre.ch\/fr\/#website"},"primaryImageOfPage":{"@id":"https:\/\/raisondhetre.ch\/fr\/cours\/kids-aerial-yoga\/#primaryimage"},"image":{"@id":"https:\/\/raisondhetre.ch\/fr\/cours\/kids-aerial-yoga\/#primaryimage"},"thumbnailUrl":"https:\/\/raisondhetre.ch\/wp-content\/uploads\/2022\/10\/pexels-photo-289586.jpeg","datePublished":"2023-06-22T10:22:11+00:00","dateModified":"2025-11-16T21:54:30+00:00","description":"Aerial yoga improves core strength, flexibility, enhances balance, coordination, increases body awareness, builds confidence, provides fun!","breadcrumb":{"@id":"https:\/\/raisondhetre.ch\/fr\/cours\/kids-aerial-yoga\/#breadcrumb"},"inLanguage":"fr-FR","potentialAction":[{"@type":"ReadAction","target":["https:\/\/raisondhetre.ch\/fr\/cours\/kids-aerial-yoga\/"]}]},{"@type":"ImageObject","inLanguage":"fr-FR","@id":"https:\/\/raisondhetre.ch\/fr\/cours\/kids-aerial-yoga\/#primaryimage","url":"https:\/\/raisondhetre.ch\/wp-content\/uploads\/2022\/10\/pexels-photo-289586.jpeg","contentUrl":"https:\/\/raisondhetre.ch\/wp-content\/uploads\/2022\/10\/pexels-photo-289586.jpeg","width":1880,"height":1144,"caption":"Photo by Pixabay on Pexels.com"},{"@type":"BreadcrumbList","@id":"https:\/\/raisondhetre.ch\/fr\/cours\/kids-aerial-yoga\/#breadcrumb","itemListElement":[{"@type":"ListItem","position":1,"name":"Home","item":"https:\/\/raisondhetre.ch\/fr\/"},{"@type":"ListItem","position":2,"name":"Cours","item":"https:\/\/raisondhetre.ch\/fr\/cours\/"},{"@type":"ListItem","position":3,"name":"Kids &#038; Teen Fly Yoga"}]},{"@type":"WebSite","@id":"https:\/\/raisondhetre.ch\/fr\/#website","url":"https:\/\/raisondhetre.ch\/fr\/","name":"Raison d'H\u00eatre","description":"Classes for young and old","publisher":{"@id":"https:\/\/raisondhetre.ch\/fr\/#organization"},"potentialAction":[{"@type":"SearchAction","target":{"@type":"EntryPoint","urlTemplate":"https:\/\/raisondhetre.ch\/fr\/?s={search_term_string}"},"query-input":{"@type":"PropertyValueSpecification","valueRequired":true,"valueName":"search_term_string"}}],"inLanguage":"fr-FR"},{"@type":"Organization","@id":"https:\/\/raisondhetre.ch\/fr\/#organization","name":"Raison d'H\u00eatre S\u00e0rl","url":"https:\/\/raisondhetre.ch\/fr\/","logo":{"@type":"ImageObject","inLanguage":"fr-FR","@id":"https:\/\/raisondhetre.ch\/fr\/#\/schema\/logo\/image\/","url":"https:\/\/raisondhetre.ch\/wp-content\/uploads\/2019\/08\/Logo-1.png","contentUrl":"https:\/\/raisondhetre.ch\/wp-content\/uploads\/2019\/08\/Logo-1.png","width":250,"height":245,"caption":"Raison d'H\u00eatre S\u00e0rl"},"image":{"@id":"https:\/\/raisondhetre.ch\/fr\/#\/schema\/logo\/image\/"},"sameAs":["https:\/\/www.facebook.com\/Raison-dh\u00eatre-109802160403870"]}]}},"jetpack_sharing_enabled":true,"_links":{"self":[{"href":"https:\/\/raisondhetre.ch\/fr\/wp-json\/wp\/v2\/pages\/30519","targetHints":{"allow":["GET"]}}],"collection":[{"href":"https:\/\/raisondhetre.ch\/fr\/wp-json\/wp\/v2\/pages"}],"about":[{"href":"https:\/\/raisondhetre.ch\/fr\/wp-json\/wp\/v2\/types\/page"}],"author":[{"embeddable":true,"href":"https:\/\/raisondhetre.ch\/fr\/wp-json\/wp\/v2\/users\/1"}],"replies":[{"embeddable":true,"href":"https:\/\/raisondhetre.ch\/fr\/wp-json\/wp\/v2\/comments?post=30519"}],"version-history":[{"count":29,"href":"https:\/\/raisondhetre.ch\/fr\/wp-json\/wp\/v2\/pages\/30519\/revisions"}],"predecessor-version":[{"id":32648,"href":"https:\/\/raisondhetre.ch\/fr\/wp-json\/wp\/v2\/pages\/30519\/revisions\/32648"}],"up":[{"embeddable":true,"href":"https:\/\/raisondhetre.ch\/fr\/wp-json\/wp\/v2\/pages\/30187"}],"wp:featuredmedia":[{"embeddable":true,"href":"https:\/\/raisondhetre.ch\/fr\/wp-json\/wp\/v2\/media\/30153"}],"wp:attachment":[{"href":"https:\/\/raisondhetre.ch\/fr\/wp-json\/wp\/v2\/media?parent=30519"}],"wp:term":[{"taxonomy":"post_tag","embeddable":true,"href":"https:\/\/raisondhetre.ch\/fr\/wp-json\/wp\/v2\/tags?post=30519"}],"curies":[{"name":"wp","href":"https:\/\/api.w.org\/{rel}","templated":true}]}}