{"id":30189,"date":"2017-02-16T09:17:12","date_gmt":"2017-02-16T08:17:12","guid":{"rendered":"https:\/\/raisondhetre.ch\/contact\/"},"modified":"2024-12-28T22:14:28","modified_gmt":"2024-12-28T21:14:28","slug":"contact","status":"publish","type":"page","link":"https:\/\/raisondhetre.ch\/fr\/contact\/","title":{"rendered":"Contact"},"content":{"rendered":"\n<h4 class=\"wp-block-heading\">Adresse<\/h4>\n\n\n\n<p>Route de Gland 5,<br>1268 Begnins (VD)<\/p>\n\n\n\n<p><a href=\"tel:+41797932889\">+41 79 793 2889<\/a><br><a href=\"mailto: info@raisondhetre.ch\">info@raisondhetre.ch<\/a><\/p>\n\n\n\n<h4 class=\"wp-block-heading\">Nous trouver<\/h4>\n\n\n\n<iframe src=\"https:\/\/www.google.com\/maps\/embed?pb=!1m18!1m12!1m3!1d2652.7749877043784!2d6.248278400000001!3d46.44008110000001!2m3!1f0!2f0!3f0!3m2!1i1024!2i768!4f13.1!3m3!1m2!1s0x478c4519b363bc7d%3A0xdc48b9ba40bd54a7!2sRaison%20d&#39;H%C3%AAtre!5e1!3m2!1sfr!2sch!4v1735420349747!5m2!1sfr!2sch\" width=\"900\" height=\"400\" style=\"border:0;\" allowfullscreen=\"\" loading=\"lazy\" referrerpolicy=\"no-referrer-when-downgrade\"><\/iframe>\n\n\n\n<h5 class=\"wp-block-heading\">En voiture<\/h5>\n\n\n\n<p class=\"has-normal-font-size\">Il y&rsquo;a des place ainsi qu&rsquo;un parking souterrain \u00e0 150m (tournez \u00e0 gauche juste apr\u00e8s le garage Nissan).<\/p>\n\n\n\n<h5 class=\"wp-block-heading\">En Bus<\/h5>\n\n\n\n<p class=\"has-normal-font-size\">Nous vous encourageons \u00e0 prendre le bus si possible. L&rsquo;arr\u00eat de bus est en face du studio, \u00e0 c\u00f4t\u00e9 de la Poste.<\/p>\n\n\n\n<h4 class=\"wp-block-heading\">Laissez-nous un message<\/h4>\n\n\n\n<p class=\"has-normal-font-size\">Si vous avez des questions pour lesquelles vous n&rsquo;avez pas trouv\u00e9 de r\u00e9ponse sur notre site ou si vous avez quelque chose \u00e0 partager avec nous, vous pouvez nous contacter par le biais du formulaire ci-dessous.<\/p>\n\n\n<div class=\"wpforms-container wpforms-container-full\" id=\"wpforms-30364\"><form id=\"wpforms-form-30364\" class=\"wpforms-validate wpforms-form wpforms-ajax-form\" data-formid=\"30364\" method=\"post\" enctype=\"multipart\/form-data\" action=\"\/fr\/wp-json\/wp\/v2\/pages\/30189\" data-token=\"e8fa783e518150560eeab5243aae3544\" data-token-time=\"1776095768\"><noscript class=\"wpforms-error-noscript\">Veuillez activer JavaScript dans votre navigateur pour remplir ce formulaire.<\/noscript><div class=\"wpforms-field-container\"><div id=\"wpforms-30364-field_0-container\" class=\"wpforms-field wpforms-field-name\" data-field-id=\"0\"><label class=\"wpforms-field-label\">Nom <span class=\"wpforms-required-label\">*<\/span><\/label><div class=\"wpforms-field-row wpforms-field-medium\"><div class=\"wpforms-field-row-block wpforms-first wpforms-one-half\"><input type=\"text\" id=\"wpforms-30364-field_0\" class=\"wpforms-field-name-first wpforms-field-required\" name=\"wpforms[fields][0][first]\" required><label for=\"wpforms-30364-field_0\" class=\"wpforms-field-sublabel after\">Pr\u00e9nom<\/label><\/div><div class=\"wpforms-field-row-block wpforms-one-half\"><input type=\"text\" id=\"wpforms-30364-field_0-last\" class=\"wpforms-field-name-last wpforms-field-required\" name=\"wpforms[fields][0][last]\" required><label for=\"wpforms-30364-field_0-last\" class=\"wpforms-field-sublabel after\">Nom<\/label><\/div><\/div><\/div><div id=\"wpforms-30364-field_1-container\" class=\"wpforms-field wpforms-field-email\" data-field-id=\"1\"><label class=\"wpforms-field-label\" for=\"wpforms-30364-field_1\">Email <span class=\"wpforms-required-label\">*<\/span><\/label><input type=\"email\" id=\"wpforms-30364-field_1\" class=\"wpforms-field-medium wpforms-field-required\" name=\"wpforms[fields][1]\" spellcheck=\"false\" required><\/div><div id=\"wpforms-30364-field_2-container\" class=\"wpforms-field wpforms-field-textarea\" data-field-id=\"2\"><label class=\"wpforms-field-label\" for=\"wpforms-30364-field_2\">Message<\/label><textarea id=\"wpforms-30364-field_2\" class=\"wpforms-field-medium\" name=\"wpforms[fields][2]\" ><\/textarea><\/div><\/div><!-- .wpforms-field-container --><div class=\"wpforms-recaptcha-container wpforms-is-recaptcha wpforms-is-recaptcha-type-invisible\" ><div class=\"g-recaptcha\" data-sitekey=\"6LeRH80ZAAAAAELyDkOGAo8BUDsCltl_tYXsZyTR\" data-size=\"invisible\"><\/div><\/div><div class=\"wpforms-submit-container\" ><input type=\"hidden\" name=\"wpforms[id]\" value=\"30364\"><input type=\"hidden\" name=\"page_title\" value=\"\"><input type=\"hidden\" name=\"page_url\" value=\"https:\/\/raisondhetre.ch\/fr\/wp-json\/wp\/v2\/pages\/30189\"><input type=\"hidden\" name=\"url_referer\" value=\"\"><button type=\"submit\" name=\"wpforms[submit]\" id=\"wpforms-submit-30364\" class=\"wpforms-submit\" data-alt-text=\"En cours...\" data-submit-text=\"Envoyer\" aria-live=\"assertive\" value=\"wpforms-submit\">Envoyer<\/button><img loading=\"lazy\" decoding=\"async\" src=\"https:\/\/raisondhetre.ch\/wp-content\/plugins\/wpforms-lite\/assets\/images\/submit-spin.svg\" class=\"wpforms-submit-spinner\" style=\"display: none;\" width=\"26\" height=\"26\" alt=\"Chargement en cours\"><\/div><\/form><\/div>  <!-- .wpforms-container -->\n\n\n\n<link rel=\"stylesheet\" href=\"https:\/\/fonts.googleapis.com\/css?family=Lato\">\n<style>\n\n.book-btn {\n    display: block;\n    position: fixed;\n    right: 0;\n    top: 50%;\n    z-index: 9998;\n    cursor: pointer;\n    transform: translateY(-50%);\n    -ms-transform: translateY(-50%);\n    -webkit-transform: translateY(-50%);\n    -moz-transform: translateY(-50%);\n    transform: rotate(-90deg);\n  -webkit-transform: rotate(-90deg);\n  -moz-transform: rotate(-90deg);\n  -ms-transform: rotate(-90deg);\n  -o-transform: rotate(-90deg);\n  filter: progid:DXImageTransform.Microsoft.BasicImage(rotation=3);\n  text-decoration: none;\n  font-size: 1.2rem;\n  font-weight: bold;\n  background: rgb(230,61,65);\nbackground: linear-gradient(180deg, rgba(230,61,65,1) 40%, rgba(167,49,54,1) 100%);\n  color: white;\n  padding: 15px 30px;\n  margin-right: -91px;\n  font-family: 'Lato', sans serif;\n}\n@media (max-width: 600px) {\n.book-btn {\nright: auto;\nleft:0;\nwidth: 103%;\ntop:auto;\ntext-align: center;\nbottom:0;\n    transform: none;\n  -webkit-transform: none;\n  -moz-transform: none;\n  -ms-transform: none;\n  -o-transform: none;\n  filter: progid:DXImageTransform.Microsoft.BasicImage(rotation=0)\n  margin-right: 0;\n  margin-left: -8px;\n  padding: 15px 0;\n}\n}\n<\/style>\n\n\n<a class=\"book-btn\" href=\"https:\/\/raisondhetre.ch\/book-a-class\/\">R\u00e9server maintenant<\/a>\n","protected":false},"excerpt":{"rendered":"<p>Adresse Route de Gland 5,1268 Begnins (VD) +41 79 793 2889info@raisondhetre.ch Nous trouver En voiture Il y&rsquo;a des place ainsi &hellip; <a href=\"https:\/\/raisondhetre.ch\/fr\/contact\/\" class=\"more-link\">Lire la suite de <span class=\"screen-reader-text\">Contact<\/span><\/a><\/p>\n","protected":false},"author":1,"featured_media":30151,"parent":0,"menu_order":3,"comment_status":"closed","ping_status":"closed","template":"full-width-page.php","meta":{"_monsterinsights_skip_tracking":false,"_monsterinsights_sitenote_active":false,"_monsterinsights_sitenote_note":"","_monsterinsights_sitenote_category":0,"footnotes":""},"tags":[],"class_list":["post-30189","page","type-page","status-publish","has-post-thumbnail","hentry"],"yoast_head":"<!-- This site is optimized with the Yoast SEO plugin v26.7 - https:\/\/yoast.com\/wordpress\/plugins\/seo\/ -->\n<title>Contact - Yoga Classes in Begnins | Raison d&#039;H\u00eatre<\/title>\n<meta name=\"description\" content=\"If you are looking for Yoga classes in Begnins, you are in the right place. Please check out the services that we provide and get in touch!\" \/>\n<meta name=\"robots\" content=\"index, follow, max-snippet:-1, max-image-preview:large, max-video-preview:-1\" \/>\n<link rel=\"canonical\" href=\"https:\/\/raisondhetre.ch\/fr\/contact\/\" \/>\n<meta property=\"og:locale\" content=\"fr_FR\" \/>\n<meta property=\"og:type\" content=\"article\" \/>\n<meta property=\"og:title\" content=\"Contact - Yoga Classes in Begnins | Raison d&#039;H\u00eatre\" \/>\n<meta property=\"og:description\" content=\"If you are looking for Yoga classes in Begnins, you are in the right place. Please check out the services that we provide and get in touch!\" \/>\n<meta property=\"og:url\" content=\"https:\/\/raisondhetre.ch\/fr\/contact\/\" \/>\n<meta property=\"og:site_name\" content=\"Raison d&#039;H\u00eatre\" \/>\n<meta property=\"article:publisher\" content=\"https:\/\/www.facebook.com\/Raison-dh%c3%aatre-109802160403870\" \/>\n<meta property=\"article:modified_time\" content=\"2024-12-28T21:14:28+00:00\" \/>\n<meta property=\"og:image\" content=\"https:\/\/raisondhetre.ch\/wp-content\/uploads\/2017\/02\/pexels-photo.jpg\" \/>\n\t<meta property=\"og:image:width\" content=\"1880\" \/>\n\t<meta property=\"og:image:height\" content=\"1254\" \/>\n\t<meta property=\"og:image:type\" content=\"image\/jpeg\" \/>\n<meta name=\"twitter:card\" content=\"summary_large_image\" \/>\n<meta name=\"twitter:label1\" content=\"Dur\u00e9e de lecture estim\u00e9e\" \/>\n\t<meta name=\"twitter:data1\" content=\"1 minute\" \/>\n<script type=\"application\/ld+json\" class=\"yoast-schema-graph\">{\"@context\":\"https:\/\/schema.org\",\"@graph\":[{\"@type\":\"WebPage\",\"@id\":\"https:\/\/raisondhetre.ch\/fr\/contact\/\",\"url\":\"https:\/\/raisondhetre.ch\/fr\/contact\/\",\"name\":\"Contact - Yoga Classes in Begnins | Raison d&#039;H\u00eatre\",\"isPartOf\":{\"@id\":\"https:\/\/raisondhetre.ch\/fr\/#website\"},\"primaryImageOfPage\":{\"@id\":\"https:\/\/raisondhetre.ch\/fr\/contact\/#primaryimage\"},\"image\":{\"@id\":\"https:\/\/raisondhetre.ch\/fr\/contact\/#primaryimage\"},\"thumbnailUrl\":\"https:\/\/raisondhetre.ch\/wp-content\/uploads\/2017\/02\/pexels-photo.jpg\",\"datePublished\":\"2017-02-16T08:17:12+00:00\",\"dateModified\":\"2024-12-28T21:14:28+00:00\",\"description\":\"If you are looking for Yoga classes in Begnins, you are in the right place. Please check out the services that we provide and get in touch!\",\"breadcrumb\":{\"@id\":\"https:\/\/raisondhetre.ch\/fr\/contact\/#breadcrumb\"},\"inLanguage\":\"fr-FR\",\"potentialAction\":[{\"@type\":\"ReadAction\",\"target\":[\"https:\/\/raisondhetre.ch\/fr\/contact\/\"]}]},{\"@type\":\"ImageObject\",\"inLanguage\":\"fr-FR\",\"@id\":\"https:\/\/raisondhetre.ch\/fr\/contact\/#primaryimage\",\"url\":\"https:\/\/raisondhetre.ch\/wp-content\/uploads\/2017\/02\/pexels-photo.jpg\",\"contentUrl\":\"https:\/\/raisondhetre.ch\/wp-content\/uploads\/2017\/02\/pexels-photo.jpg\",\"width\":1880,\"height\":1254,\"caption\":\"Photo by Negative Space on Pexels.com\"},{\"@type\":\"BreadcrumbList\",\"@id\":\"https:\/\/raisondhetre.ch\/fr\/contact\/#breadcrumb\",\"itemListElement\":[{\"@type\":\"ListItem\",\"position\":1,\"name\":\"Home\",\"item\":\"https:\/\/raisondhetre.ch\/fr\/\"},{\"@type\":\"ListItem\",\"position\":2,\"name\":\"Contact\"}]},{\"@type\":\"WebSite\",\"@id\":\"https:\/\/raisondhetre.ch\/fr\/#website\",\"url\":\"https:\/\/raisondhetre.ch\/fr\/\",\"name\":\"Raison d'H\u00eatre\",\"description\":\"Classes for young and old\",\"publisher\":{\"@id\":\"https:\/\/raisondhetre.ch\/fr\/#organization\"},\"potentialAction\":[{\"@type\":\"SearchAction\",\"target\":{\"@type\":\"EntryPoint\",\"urlTemplate\":\"https:\/\/raisondhetre.ch\/fr\/?s={search_term_string}\"},\"query-input\":{\"@type\":\"PropertyValueSpecification\",\"valueRequired\":true,\"valueName\":\"search_term_string\"}}],\"inLanguage\":\"fr-FR\"},{\"@type\":\"Organization\",\"@id\":\"https:\/\/raisondhetre.ch\/fr\/#organization\",\"name\":\"Raison d'H\u00eatre S\u00e0rl\",\"url\":\"https:\/\/raisondhetre.ch\/fr\/\",\"logo\":{\"@type\":\"ImageObject\",\"inLanguage\":\"fr-FR\",\"@id\":\"https:\/\/raisondhetre.ch\/fr\/#\/schema\/logo\/image\/\",\"url\":\"https:\/\/raisondhetre.ch\/wp-content\/uploads\/2019\/08\/Logo-1.png\",\"contentUrl\":\"https:\/\/raisondhetre.ch\/wp-content\/uploads\/2019\/08\/Logo-1.png\",\"width\":250,\"height\":245,\"caption\":\"Raison d'H\u00eatre S\u00e0rl\"},\"image\":{\"@id\":\"https:\/\/raisondhetre.ch\/fr\/#\/schema\/logo\/image\/\"},\"sameAs\":[\"https:\/\/www.facebook.com\/Raison-dh\u00eatre-109802160403870\"]}]}<\/script>\n<!-- \/ Yoast SEO plugin. -->","yoast_head_json":{"title":"Contact - Yoga Classes in Begnins | Raison d&#039;H\u00eatre","description":"If you are looking for Yoga classes in Begnins, you are in the right place. Please check out the services that we provide and get in touch!","robots":{"index":"index","follow":"follow","max-snippet":"max-snippet:-1","max-image-preview":"max-image-preview:large","max-video-preview":"max-video-preview:-1"},"canonical":"https:\/\/raisondhetre.ch\/fr\/contact\/","og_locale":"fr_FR","og_type":"article","og_title":"Contact - Yoga Classes in Begnins | Raison d&#039;H\u00eatre","og_description":"If you are looking for Yoga classes in Begnins, you are in the right place. Please check out the services that we provide and get in touch!","og_url":"https:\/\/raisondhetre.ch\/fr\/contact\/","og_site_name":"Raison d&#039;H\u00eatre","article_publisher":"https:\/\/www.facebook.com\/Raison-dh%c3%aatre-109802160403870","article_modified_time":"2024-12-28T21:14:28+00:00","og_image":[{"width":1880,"height":1254,"url":"https:\/\/raisondhetre.ch\/wp-content\/uploads\/2017\/02\/pexels-photo.jpg","type":"image\/jpeg"}],"twitter_card":"summary_large_image","twitter_misc":{"Dur\u00e9e de lecture estim\u00e9e":"1 minute"},"schema":{"@context":"https:\/\/schema.org","@graph":[{"@type":"WebPage","@id":"https:\/\/raisondhetre.ch\/fr\/contact\/","url":"https:\/\/raisondhetre.ch\/fr\/contact\/","name":"Contact - Yoga Classes in Begnins | Raison d&#039;H\u00eatre","isPartOf":{"@id":"https:\/\/raisondhetre.ch\/fr\/#website"},"primaryImageOfPage":{"@id":"https:\/\/raisondhetre.ch\/fr\/contact\/#primaryimage"},"image":{"@id":"https:\/\/raisondhetre.ch\/fr\/contact\/#primaryimage"},"thumbnailUrl":"https:\/\/raisondhetre.ch\/wp-content\/uploads\/2017\/02\/pexels-photo.jpg","datePublished":"2017-02-16T08:17:12+00:00","dateModified":"2024-12-28T21:14:28+00:00","description":"If you are looking for Yoga classes in Begnins, you are in the right place. Please check out the services that we provide and get in touch!","breadcrumb":{"@id":"https:\/\/raisondhetre.ch\/fr\/contact\/#breadcrumb"},"inLanguage":"fr-FR","potentialAction":[{"@type":"ReadAction","target":["https:\/\/raisondhetre.ch\/fr\/contact\/"]}]},{"@type":"ImageObject","inLanguage":"fr-FR","@id":"https:\/\/raisondhetre.ch\/fr\/contact\/#primaryimage","url":"https:\/\/raisondhetre.ch\/wp-content\/uploads\/2017\/02\/pexels-photo.jpg","contentUrl":"https:\/\/raisondhetre.ch\/wp-content\/uploads\/2017\/02\/pexels-photo.jpg","width":1880,"height":1254,"caption":"Photo by Negative Space on Pexels.com"},{"@type":"BreadcrumbList","@id":"https:\/\/raisondhetre.ch\/fr\/contact\/#breadcrumb","itemListElement":[{"@type":"ListItem","position":1,"name":"Home","item":"https:\/\/raisondhetre.ch\/fr\/"},{"@type":"ListItem","position":2,"name":"Contact"}]},{"@type":"WebSite","@id":"https:\/\/raisondhetre.ch\/fr\/#website","url":"https:\/\/raisondhetre.ch\/fr\/","name":"Raison d'H\u00eatre","description":"Classes for young and old","publisher":{"@id":"https:\/\/raisondhetre.ch\/fr\/#organization"},"potentialAction":[{"@type":"SearchAction","target":{"@type":"EntryPoint","urlTemplate":"https:\/\/raisondhetre.ch\/fr\/?s={search_term_string}"},"query-input":{"@type":"PropertyValueSpecification","valueRequired":true,"valueName":"search_term_string"}}],"inLanguage":"fr-FR"},{"@type":"Organization","@id":"https:\/\/raisondhetre.ch\/fr\/#organization","name":"Raison d'H\u00eatre S\u00e0rl","url":"https:\/\/raisondhetre.ch\/fr\/","logo":{"@type":"ImageObject","inLanguage":"fr-FR","@id":"https:\/\/raisondhetre.ch\/fr\/#\/schema\/logo\/image\/","url":"https:\/\/raisondhetre.ch\/wp-content\/uploads\/2019\/08\/Logo-1.png","contentUrl":"https:\/\/raisondhetre.ch\/wp-content\/uploads\/2019\/08\/Logo-1.png","width":250,"height":245,"caption":"Raison d'H\u00eatre S\u00e0rl"},"image":{"@id":"https:\/\/raisondhetre.ch\/fr\/#\/schema\/logo\/image\/"},"sameAs":["https:\/\/www.facebook.com\/Raison-dh\u00eatre-109802160403870"]}]}},"jetpack_sharing_enabled":true,"_links":{"self":[{"href":"https:\/\/raisondhetre.ch\/fr\/wp-json\/wp\/v2\/pages\/30189","targetHints":{"allow":["GET"]}}],"collection":[{"href":"https:\/\/raisondhetre.ch\/fr\/wp-json\/wp\/v2\/pages"}],"about":[{"href":"https:\/\/raisondhetre.ch\/fr\/wp-json\/wp\/v2\/types\/page"}],"author":[{"embeddable":true,"href":"https:\/\/raisondhetre.ch\/fr\/wp-json\/wp\/v2\/users\/1"}],"replies":[{"embeddable":true,"href":"https:\/\/raisondhetre.ch\/fr\/wp-json\/wp\/v2\/comments?post=30189"}],"version-history":[{"count":7,"href":"https:\/\/raisondhetre.ch\/fr\/wp-json\/wp\/v2\/pages\/30189\/revisions"}],"predecessor-version":[{"id":32211,"href":"https:\/\/raisondhetre.ch\/fr\/wp-json\/wp\/v2\/pages\/30189\/revisions\/32211"}],"wp:featuredmedia":[{"embeddable":true,"href":"https:\/\/raisondhetre.ch\/fr\/wp-json\/wp\/v2\/media\/30151"}],"wp:attachment":[{"href":"https:\/\/raisondhetre.ch\/fr\/wp-json\/wp\/v2\/media?parent=30189"}],"wp:term":[{"taxonomy":"post_tag","embeddable":true,"href":"https:\/\/raisondhetre.ch\/fr\/wp-json\/wp\/v2\/tags?post=30189"}],"curies":[{"name":"wp","href":"https:\/\/api.w.org\/{rel}","templated":true}]}}