{"id":30188,"date":"2017-02-16T09:16:27","date_gmt":"2017-02-16T08:16:27","guid":{"rendered":"https:\/\/raisondhetre.ch\/meet-our-holistic-team\/"},"modified":"2025-11-24T22:36:37","modified_gmt":"2025-11-24T21:36:37","slug":"rencontrer-l-equipe","status":"publish","type":"page","link":"https:\/\/raisondhetre.ch\/fr\/rencontrer-l-equipe\/","title":{"rendered":"Les Enseignants"},"content":{"rendered":"\n<h4 class=\"wp-block-heading\">Bienvenue chez Raison d&rsquo;H\u00eatre!<\/h4>\n\n\n\n<p class=\"has-text-color\" style=\"color:#ffffff\">Holistic<\/p>\n\n\n\n<div class=\"wp-block-media-text alignwide is-stacked-on-mobile\" style=\"grid-template-columns:25% auto\"><figure class=\"wp-block-media-text__media\"><img loading=\"lazy\" decoding=\"async\" width=\"500\" height=\"500\" src=\"https:\/\/raisondhetre.ch\/wp-content\/uploads\/2019\/08\/Clarecircle.png\" alt=\"\" class=\"wp-image-29065 size-full\" srcset=\"https:\/\/raisondhetre.ch\/wp-content\/uploads\/2019\/08\/Clarecircle.png 500w, https:\/\/raisondhetre.ch\/wp-content\/uploads\/2019\/08\/Clarecircle-150x150.png 150w, https:\/\/raisondhetre.ch\/wp-content\/uploads\/2019\/08\/Clarecircle-300x300.png 300w\" sizes=\"auto, (max-width: 500px) 100vw, 500px\" \/><\/figure><div class=\"wp-block-media-text__content\">\n<h2 class=\"wp-block-heading\" id=\"Clare\"><strong>Clare<\/strong><\/h2>\n\n\n\n<h5 class=\"wp-block-heading\">Fondatrice<\/h5>\n\n\n\n<p>Salut, je m&rsquo;appelle Clare. Je suis passionn\u00e9e par le bien-\u00eatre et adore partager mes connaissances \u00e0 travers des cours de yoga, de sophrologie et de th\u00e9rapie sonore. Je suis certifi\u00e9e et j&rsquo;aime enseigner le pr\u00e9natal, le postnatal, les enfants et adolescents, le yoga sur tapis, le yoga a\u00e9rien et la sophrologie, et je suis reconnue par l&rsquo;ASCA. Je suis sp\u00e9cialis\u00e9e dans les massages du dos au bol sonores chauds. Je forme \u00e9galement de futurs professeurs de yoga, notamment au yoga pour enfants. J&rsquo;ai h\u00e2te de vous rencontrer !<\/p>\n<\/div><\/div>\n\n\n\n<hr class=\"wp-block-separator has-css-opacity\"\/>\n\n\n\n<div class=\"wp-block-media-text alignwide is-stacked-on-mobile\" style=\"grid-template-columns:24% auto\"><figure class=\"wp-block-media-text__media\"><img loading=\"lazy\" decoding=\"async\" width=\"450\" height=\"450\" src=\"https:\/\/raisondhetre.ch\/wp-content\/uploads\/2019\/12\/Valeriecircle.png\" alt=\"Valerie\" class=\"wp-image-29258 size-full\" srcset=\"https:\/\/raisondhetre.ch\/wp-content\/uploads\/2019\/12\/Valeriecircle.png 450w, https:\/\/raisondhetre.ch\/wp-content\/uploads\/2019\/12\/Valeriecircle-300x300.png 300w, https:\/\/raisondhetre.ch\/wp-content\/uploads\/2019\/12\/Valeriecircle-150x150.png 150w\" sizes=\"auto, (max-width: 450px) 100vw, 450px\" \/><\/figure><div class=\"wp-block-media-text__content\">\n<h2 class=\"wp-block-heading\" id=\"valerie\">Valerie<\/h2>\n\n\n\n<p>Bonjour! Je suis Val\u00e9rie.<br>J&rsquo;enseigne le yoga volant et je suis massoth\u00e9rapeute.<br>J&rsquo;aime vous lancer un d\u00e9fi &#8211; vous faire atteindre votre prochain niveau de capacit\u00e9 &#8211; tout en essayant de soulager toute douleur que vous pourriez ressentir et en prenant soin de ce dont votre corps a besoin.<br>Le yoga, et plus particuli\u00e8rement le yoga volant, m&rsquo;a apport\u00e9 un \u00e9quilibre et une fa\u00e7on de travailler avec toute l&rsquo;\u00e9nergie dont je dispose. Et le meilleur effet secondaire est la fa\u00e7on dont le yoga concentre mon esprit, m&rsquo;amenant pleinement dans le moment, pleinement dans mon corps. Je suis pr\u00eat \u00e0 parier qu&rsquo;il peut faire la m\u00eame chose pour vous.<\/p>\n<\/div><\/div>\n\n\n\n<hr class=\"wp-block-separator has-alpha-channel-opacity\"\/>\n\n\n\n<div class=\"wp-block-media-text alignwide is-stacked-on-mobile\" style=\"grid-template-columns:24% auto\"><figure class=\"wp-block-media-text__media\"><img loading=\"lazy\" decoding=\"async\" width=\"425\" height=\"425\" src=\"https:\/\/raisondhetre.ch\/wp-content\/uploads\/2025\/11\/Celine.png\" alt=\"C\u00e9line\" class=\"wp-image-32662 size-full\" srcset=\"https:\/\/raisondhetre.ch\/wp-content\/uploads\/2025\/11\/Celine.png 425w, https:\/\/raisondhetre.ch\/wp-content\/uploads\/2025\/11\/Celine-300x300.png 300w, https:\/\/raisondhetre.ch\/wp-content\/uploads\/2025\/11\/Celine-150x150.png 150w, https:\/\/raisondhetre.ch\/wp-content\/uploads\/2025\/11\/Celine-75x75.png 75w\" sizes=\"auto, (max-width: 425px) 100vw, 425px\" \/><\/figure><div class=\"wp-block-media-text__content\">\n<h2 class=\"wp-block-heading\" id=\"valerie\">C\u00e9line<\/h2>\n\n\n\n<p>Hello, moi c&rsquo;est C\u00e9line.<br>J\u2019ai d\u00e9couvert le yoga il y a six ans, et \u00e7a a \u00e9t\u00e9 un v\u00e9ritable coup de c\u0153ur ! Depuis, je me suis form\u00e9e en Hatha Yoga et en Yin Yoga pour approfondir ma pratique et, surtout, pour pouvoir transmettre ces deux belles pratiques, qui font du bien au corps et \u00e0 l&rsquo;esprit.<br>J\u2019ai \u00e0 c\u0153ur de proposer un espace bienveillant o\u00f9 chacun peut respirer, se recentrer et revenir \u00e0 Soi pour retrouver plus d\u2019harmonie au quotidien.<br>Au plaisir de vous retrouver sur le tapis !<\/p>\n<\/div><\/div>\n\n\n\n<hr class=\"wp-block-separator has-css-opacity\"\/>\n\n\n\n<link rel=\"stylesheet\" href=\"https:\/\/fonts.googleapis.com\/css?family=Lato\">\n<style>\n\n.book-btn {\n    display: block;\n    position: fixed;\n    right: 0;\n    top: 50%;\n    z-index: 9998;\n    cursor: pointer;\n    transform: translateY(-50%);\n    -ms-transform: translateY(-50%);\n    -webkit-transform: translateY(-50%);\n    -moz-transform: translateY(-50%);\n    transform: rotate(-90deg);\n  -webkit-transform: rotate(-90deg);\n  -moz-transform: rotate(-90deg);\n  -ms-transform: rotate(-90deg);\n  -o-transform: rotate(-90deg);\n  filter: progid:DXImageTransform.Microsoft.BasicImage(rotation=3);\n  text-decoration: none;\n  font-size: 1.2rem;\n  font-weight: bold;\n  background: rgb(230,61,65);\nbackground: linear-gradient(180deg, rgba(230,61,65,1) 40%, rgba(167,49,54,1) 100%);\n  color: white;\n  padding: 15px 30px;\n  margin-right: -91px;\n  font-family: 'Lato', sans serif;\n}\n@media (max-width: 600px) {\n.book-btn {\nright: auto;\nleft:0;\nwidth: 103%;\ntop:auto;\ntext-align: center;\nbottom:0;\n    transform: none;\n  -webkit-transform: none;\n  -moz-transform: none;\n  -ms-transform: none;\n  -o-transform: none;\n  filter: progid:DXImageTransform.Microsoft.BasicImage(rotation=0)\n  margin-right: 0;\n  margin-left: -8px;\n  padding: 15px 0;\n}\n}\n<\/style>\n\n\n<a class=\"book-btn\" href=\"https:\/\/raisondhetre.ch\/book-a-class\/\">R\u00e9server maintenant<\/a>\n","protected":false},"excerpt":{"rendered":"<p>Bienvenue chez Raison d&rsquo;H\u00eatre! Holistic Clare Fondatrice Salut, je m&rsquo;appelle Clare. Je suis passionn\u00e9e par le bien-\u00eatre et adore partager &hellip; <a href=\"https:\/\/raisondhetre.ch\/fr\/rencontrer-l-equipe\/\" class=\"more-link\">Lire la suite de <span class=\"screen-reader-text\">Les Enseignants<\/span><\/a><\/p>\n","protected":false},"author":1,"featured_media":30143,"parent":0,"menu_order":2,"comment_status":"closed","ping_status":"closed","template":"full-width-page.php","meta":{"_monsterinsights_skip_tracking":false,"_monsterinsights_sitenote_active":false,"_monsterinsights_sitenote_note":"","_monsterinsights_sitenote_category":0,"footnotes":""},"tags":[],"class_list":["post-30188","page","type-page","status-publish","has-post-thumbnail","hentry"],"yoast_head":"<!-- This site is optimized with the Yoast SEO plugin v26.7 - https:\/\/yoast.com\/wordpress\/plugins\/seo\/ -->\n<title>Les Enseignants | Raison d&#039;H\u00eatre<\/title>\n<meta name=\"description\" content=\"Notre \u00e9quipe est compos\u00e9 de passionn\u00e9s de Yoga, Sophrologie et bien-\u00eatre, tous dipl\u00f4m\u00e9s dans plusieurs disciplines. Venez les rencontrer!\" \/>\n<meta name=\"robots\" content=\"index, follow, max-snippet:-1, max-image-preview:large, max-video-preview:-1\" \/>\n<link rel=\"canonical\" href=\"https:\/\/raisondhetre.ch\/fr\/rencontrer-l-equipe\/\" \/>\n<meta property=\"og:locale\" content=\"fr_FR\" \/>\n<meta property=\"og:type\" content=\"article\" \/>\n<meta property=\"og:title\" content=\"Les Enseignants | Raison d&#039;H\u00eatre\" \/>\n<meta property=\"og:description\" content=\"Notre \u00e9quipe est compos\u00e9 de passionn\u00e9s de Yoga, Sophrologie et bien-\u00eatre, tous dipl\u00f4m\u00e9s dans plusieurs disciplines. Venez les rencontrer!\" \/>\n<meta property=\"og:url\" content=\"https:\/\/raisondhetre.ch\/fr\/rencontrer-l-equipe\/\" \/>\n<meta property=\"og:site_name\" content=\"Raison d&#039;H\u00eatre\" \/>\n<meta property=\"article:publisher\" content=\"https:\/\/www.facebook.com\/Raison-dh%c3%aatre-109802160403870\" \/>\n<meta property=\"article:modified_time\" content=\"2025-11-24T21:36:37+00:00\" \/>\n<meta property=\"og:image\" content=\"https:\/\/raisondhetre.ch\/wp-content\/uploads\/2022\/11\/IMG_5940-scaled.jpg\" \/>\n\t<meta property=\"og:image:width\" content=\"2560\" \/>\n\t<meta property=\"og:image:height\" content=\"1707\" \/>\n\t<meta property=\"og:image:type\" content=\"image\/jpeg\" \/>\n<meta name=\"twitter:card\" content=\"summary_large_image\" \/>\n<meta name=\"twitter:label1\" content=\"Dur\u00e9e de lecture estim\u00e9e\" \/>\n\t<meta name=\"twitter:data1\" content=\"3 minutes\" \/>\n<script type=\"application\/ld+json\" class=\"yoast-schema-graph\">{\"@context\":\"https:\/\/schema.org\",\"@graph\":[{\"@type\":\"WebPage\",\"@id\":\"https:\/\/raisondhetre.ch\/fr\/rencontrer-l-equipe\/\",\"url\":\"https:\/\/raisondhetre.ch\/fr\/rencontrer-l-equipe\/\",\"name\":\"Les Enseignants | Raison d&#039;H\u00eatre\",\"isPartOf\":{\"@id\":\"https:\/\/raisondhetre.ch\/fr\/#website\"},\"primaryImageOfPage\":{\"@id\":\"https:\/\/raisondhetre.ch\/fr\/rencontrer-l-equipe\/#primaryimage\"},\"image\":{\"@id\":\"https:\/\/raisondhetre.ch\/fr\/rencontrer-l-equipe\/#primaryimage\"},\"thumbnailUrl\":\"https:\/\/raisondhetre.ch\/wp-content\/uploads\/2022\/11\/IMG_5940-scaled.jpg\",\"datePublished\":\"2017-02-16T08:16:27+00:00\",\"dateModified\":\"2025-11-24T21:36:37+00:00\",\"description\":\"Notre \u00e9quipe est compos\u00e9 de passionn\u00e9s de Yoga, Sophrologie et bien-\u00eatre, tous dipl\u00f4m\u00e9s dans plusieurs disciplines. Venez les rencontrer!\",\"breadcrumb\":{\"@id\":\"https:\/\/raisondhetre.ch\/fr\/rencontrer-l-equipe\/#breadcrumb\"},\"inLanguage\":\"fr-FR\",\"potentialAction\":[{\"@type\":\"ReadAction\",\"target\":[\"https:\/\/raisondhetre.ch\/fr\/rencontrer-l-equipe\/\"]}]},{\"@type\":\"ImageObject\",\"inLanguage\":\"fr-FR\",\"@id\":\"https:\/\/raisondhetre.ch\/fr\/rencontrer-l-equipe\/#primaryimage\",\"url\":\"https:\/\/raisondhetre.ch\/wp-content\/uploads\/2022\/11\/IMG_5940-scaled.jpg\",\"contentUrl\":\"https:\/\/raisondhetre.ch\/wp-content\/uploads\/2022\/11\/IMG_5940-scaled.jpg\",\"width\":2560,\"height\":1707},{\"@type\":\"BreadcrumbList\",\"@id\":\"https:\/\/raisondhetre.ch\/fr\/rencontrer-l-equipe\/#breadcrumb\",\"itemListElement\":[{\"@type\":\"ListItem\",\"position\":1,\"name\":\"Home\",\"item\":\"https:\/\/raisondhetre.ch\/fr\/\"},{\"@type\":\"ListItem\",\"position\":2,\"name\":\"Les Enseignants\"}]},{\"@type\":\"WebSite\",\"@id\":\"https:\/\/raisondhetre.ch\/fr\/#website\",\"url\":\"https:\/\/raisondhetre.ch\/fr\/\",\"name\":\"Raison d'H\u00eatre\",\"description\":\"Classes for young and old\",\"publisher\":{\"@id\":\"https:\/\/raisondhetre.ch\/fr\/#organization\"},\"potentialAction\":[{\"@type\":\"SearchAction\",\"target\":{\"@type\":\"EntryPoint\",\"urlTemplate\":\"https:\/\/raisondhetre.ch\/fr\/?s={search_term_string}\"},\"query-input\":{\"@type\":\"PropertyValueSpecification\",\"valueRequired\":true,\"valueName\":\"search_term_string\"}}],\"inLanguage\":\"fr-FR\"},{\"@type\":\"Organization\",\"@id\":\"https:\/\/raisondhetre.ch\/fr\/#organization\",\"name\":\"Raison d'H\u00eatre S\u00e0rl\",\"url\":\"https:\/\/raisondhetre.ch\/fr\/\",\"logo\":{\"@type\":\"ImageObject\",\"inLanguage\":\"fr-FR\",\"@id\":\"https:\/\/raisondhetre.ch\/fr\/#\/schema\/logo\/image\/\",\"url\":\"https:\/\/raisondhetre.ch\/wp-content\/uploads\/2019\/08\/Logo-1.png\",\"contentUrl\":\"https:\/\/raisondhetre.ch\/wp-content\/uploads\/2019\/08\/Logo-1.png\",\"width\":250,\"height\":245,\"caption\":\"Raison d'H\u00eatre S\u00e0rl\"},\"image\":{\"@id\":\"https:\/\/raisondhetre.ch\/fr\/#\/schema\/logo\/image\/\"},\"sameAs\":[\"https:\/\/www.facebook.com\/Raison-dh\u00eatre-109802160403870\"]}]}<\/script>\n<!-- \/ Yoast SEO plugin. -->","yoast_head_json":{"title":"Les Enseignants | Raison d&#039;H\u00eatre","description":"Notre \u00e9quipe est compos\u00e9 de passionn\u00e9s de Yoga, Sophrologie et bien-\u00eatre, tous dipl\u00f4m\u00e9s dans plusieurs disciplines. Venez les rencontrer!","robots":{"index":"index","follow":"follow","max-snippet":"max-snippet:-1","max-image-preview":"max-image-preview:large","max-video-preview":"max-video-preview:-1"},"canonical":"https:\/\/raisondhetre.ch\/fr\/rencontrer-l-equipe\/","og_locale":"fr_FR","og_type":"article","og_title":"Les Enseignants | Raison d&#039;H\u00eatre","og_description":"Notre \u00e9quipe est compos\u00e9 de passionn\u00e9s de Yoga, Sophrologie et bien-\u00eatre, tous dipl\u00f4m\u00e9s dans plusieurs disciplines. Venez les rencontrer!","og_url":"https:\/\/raisondhetre.ch\/fr\/rencontrer-l-equipe\/","og_site_name":"Raison d&#039;H\u00eatre","article_publisher":"https:\/\/www.facebook.com\/Raison-dh%c3%aatre-109802160403870","article_modified_time":"2025-11-24T21:36:37+00:00","og_image":[{"width":2560,"height":1707,"url":"https:\/\/raisondhetre.ch\/wp-content\/uploads\/2022\/11\/IMG_5940-scaled.jpg","type":"image\/jpeg"}],"twitter_card":"summary_large_image","twitter_misc":{"Dur\u00e9e de lecture estim\u00e9e":"3 minutes"},"schema":{"@context":"https:\/\/schema.org","@graph":[{"@type":"WebPage","@id":"https:\/\/raisondhetre.ch\/fr\/rencontrer-l-equipe\/","url":"https:\/\/raisondhetre.ch\/fr\/rencontrer-l-equipe\/","name":"Les Enseignants | Raison d&#039;H\u00eatre","isPartOf":{"@id":"https:\/\/raisondhetre.ch\/fr\/#website"},"primaryImageOfPage":{"@id":"https:\/\/raisondhetre.ch\/fr\/rencontrer-l-equipe\/#primaryimage"},"image":{"@id":"https:\/\/raisondhetre.ch\/fr\/rencontrer-l-equipe\/#primaryimage"},"thumbnailUrl":"https:\/\/raisondhetre.ch\/wp-content\/uploads\/2022\/11\/IMG_5940-scaled.jpg","datePublished":"2017-02-16T08:16:27+00:00","dateModified":"2025-11-24T21:36:37+00:00","description":"Notre \u00e9quipe est compos\u00e9 de passionn\u00e9s de Yoga, Sophrologie et bien-\u00eatre, tous dipl\u00f4m\u00e9s dans plusieurs disciplines. Venez les rencontrer!","breadcrumb":{"@id":"https:\/\/raisondhetre.ch\/fr\/rencontrer-l-equipe\/#breadcrumb"},"inLanguage":"fr-FR","potentialAction":[{"@type":"ReadAction","target":["https:\/\/raisondhetre.ch\/fr\/rencontrer-l-equipe\/"]}]},{"@type":"ImageObject","inLanguage":"fr-FR","@id":"https:\/\/raisondhetre.ch\/fr\/rencontrer-l-equipe\/#primaryimage","url":"https:\/\/raisondhetre.ch\/wp-content\/uploads\/2022\/11\/IMG_5940-scaled.jpg","contentUrl":"https:\/\/raisondhetre.ch\/wp-content\/uploads\/2022\/11\/IMG_5940-scaled.jpg","width":2560,"height":1707},{"@type":"BreadcrumbList","@id":"https:\/\/raisondhetre.ch\/fr\/rencontrer-l-equipe\/#breadcrumb","itemListElement":[{"@type":"ListItem","position":1,"name":"Home","item":"https:\/\/raisondhetre.ch\/fr\/"},{"@type":"ListItem","position":2,"name":"Les Enseignants"}]},{"@type":"WebSite","@id":"https:\/\/raisondhetre.ch\/fr\/#website","url":"https:\/\/raisondhetre.ch\/fr\/","name":"Raison d'H\u00eatre","description":"Classes for young and old","publisher":{"@id":"https:\/\/raisondhetre.ch\/fr\/#organization"},"potentialAction":[{"@type":"SearchAction","target":{"@type":"EntryPoint","urlTemplate":"https:\/\/raisondhetre.ch\/fr\/?s={search_term_string}"},"query-input":{"@type":"PropertyValueSpecification","valueRequired":true,"valueName":"search_term_string"}}],"inLanguage":"fr-FR"},{"@type":"Organization","@id":"https:\/\/raisondhetre.ch\/fr\/#organization","name":"Raison d'H\u00eatre S\u00e0rl","url":"https:\/\/raisondhetre.ch\/fr\/","logo":{"@type":"ImageObject","inLanguage":"fr-FR","@id":"https:\/\/raisondhetre.ch\/fr\/#\/schema\/logo\/image\/","url":"https:\/\/raisondhetre.ch\/wp-content\/uploads\/2019\/08\/Logo-1.png","contentUrl":"https:\/\/raisondhetre.ch\/wp-content\/uploads\/2019\/08\/Logo-1.png","width":250,"height":245,"caption":"Raison d'H\u00eatre S\u00e0rl"},"image":{"@id":"https:\/\/raisondhetre.ch\/fr\/#\/schema\/logo\/image\/"},"sameAs":["https:\/\/www.facebook.com\/Raison-dh\u00eatre-109802160403870"]}]}},"jetpack_sharing_enabled":true,"_links":{"self":[{"href":"https:\/\/raisondhetre.ch\/fr\/wp-json\/wp\/v2\/pages\/30188","targetHints":{"allow":["GET"]}}],"collection":[{"href":"https:\/\/raisondhetre.ch\/fr\/wp-json\/wp\/v2\/pages"}],"about":[{"href":"https:\/\/raisondhetre.ch\/fr\/wp-json\/wp\/v2\/types\/page"}],"author":[{"embeddable":true,"href":"https:\/\/raisondhetre.ch\/fr\/wp-json\/wp\/v2\/users\/1"}],"replies":[{"embeddable":true,"href":"https:\/\/raisondhetre.ch\/fr\/wp-json\/wp\/v2\/comments?post=30188"}],"version-history":[{"count":12,"href":"https:\/\/raisondhetre.ch\/fr\/wp-json\/wp\/v2\/pages\/30188\/revisions"}],"predecessor-version":[{"id":32668,"href":"https:\/\/raisondhetre.ch\/fr\/wp-json\/wp\/v2\/pages\/30188\/revisions\/32668"}],"wp:featuredmedia":[{"embeddable":true,"href":"https:\/\/raisondhetre.ch\/fr\/wp-json\/wp\/v2\/media\/30143"}],"wp:attachment":[{"href":"https:\/\/raisondhetre.ch\/fr\/wp-json\/wp\/v2\/media?parent=30188"}],"wp:term":[{"taxonomy":"post_tag","embeddable":true,"href":"https:\/\/raisondhetre.ch\/fr\/wp-json\/wp\/v2\/tags?post=30188"}],"curies":[{"name":"wp","href":"https:\/\/api.w.org\/{rel}","templated":true}]}}