{"id":30185,"date":"2020-01-01T17:14:32","date_gmt":"2020-01-01T16:14:32","guid":{"rendered":"https:\/\/raisondhetre.ch\/fetes\/"},"modified":"2024-08-07T23:36:47","modified_gmt":"2024-08-07T21:36:47","slug":"fetes","status":"publish","type":"page","link":"https:\/\/raisondhetre.ch\/fr\/fetes\/","title":{"rendered":"F\u00eates"},"content":{"rendered":"\n<h3 class=\"wp-block-heading\">Nous adorons les f\u00eates et pouvons transformer notre espace joyeux pour une f\u00eate de luxe ou une simple f\u00eate, modulable et con\u00e7ue selon vos envies.<\/h3>\n\n\n\n<p class=\"has-normal-font-size\">D\u00e9tendez-vous et profitez-en! Nous pouvons \u00e9galement organiser la f\u00eate dans un autre endroit si vous le souhaitez. Nous nous concentrons sur les f\u00eates d&rsquo;enfants, mais le yoga a\u00e9rien ferait un excellent enterrement de vie de jeune fille et vous pouvez offrir une s\u00e9ance de yoga ou de soins \u00e0 une future maman pour une f\u00eate pr\u00e9natale.<\/p>\n\n\n\n<h4 class=\"wp-block-heading\">Diff\u00e9rents types de f\u00eates<\/h4>\n\n\n\n<p class=\"has-normal-font-size\">Des <strong>f\u00eates de Yoga<\/strong>, par exemple avec des th\u00e8mes animaliers ou des acrobaties de yoga a\u00e9rien.<\/p>\n\n\n\n<figure class=\"wp-block-image size-large\"><img loading=\"lazy\" decoding=\"async\" width=\"943\" height=\"404\" src=\"https:\/\/raisondhetre.ch\/wp-content\/uploads\/2020\/01\/AerialYogaParty.png\" alt=\"Parties: Aerial flying yoga party - Raison d'H\u00eatre\" class=\"wp-image-29327\" srcset=\"https:\/\/raisondhetre.ch\/wp-content\/uploads\/2020\/01\/AerialYogaParty.png 943w, https:\/\/raisondhetre.ch\/wp-content\/uploads\/2020\/01\/AerialYogaParty-300x129.png 300w, https:\/\/raisondhetre.ch\/wp-content\/uploads\/2020\/01\/AerialYogaParty-768x329.png 768w\" sizes=\"auto, (max-width: 943px) 100vw, 943px\" \/><\/figure>\n\n\n\n<p class=\"has-normal-font-size\">Des <strong>f\u00eates \u00e0 th\u00e8me<\/strong>, par exemple la Reine des Neiges, Alice au Pays des Merveilles, Clochette, Mary Poppins, Superwoman, Superman, la Guerre des Etoiles, Pirates, Spiderman, Ballet, Princesse, Dinosaures, F\u00e9es, etc. Vous voulez un autre th\u00e8me que vous ne voyez pas? <a href=\"mailto: info@raisondhetre.ch\">Envoyez-nous votre demande<\/a>! <\/p>\n\n\n\n<figure class=\"wp-block-image size-large\"><img loading=\"lazy\" decoding=\"async\" width=\"943\" height=\"562\" src=\"https:\/\/raisondhetre.ch\/wp-content\/uploads\/2020\/01\/FrozenParty.png\" alt=\"Parties: Frozen themed party - Raison d'H\u00eatre\" class=\"wp-image-29330\" srcset=\"https:\/\/raisondhetre.ch\/wp-content\/uploads\/2020\/01\/FrozenParty.png 943w, https:\/\/raisondhetre.ch\/wp-content\/uploads\/2020\/01\/FrozenParty-300x179.png 300w, https:\/\/raisondhetre.ch\/wp-content\/uploads\/2020\/01\/FrozenParty-768x458.png 768w\" sizes=\"auto, (max-width: 943px) 100vw, 943px\" \/><\/figure>\n\n\n\n<p class=\"has-normal-font-size\"><strong>Cocooning party<\/strong>, par exemple les ongles et le masque facial.<\/p>\n\n\n\n<p class=\"has-normal-font-size\"><strong>Bricolage<\/strong>, par exemple la conception et la peinture de t-shirts, le bricolage recycl\u00e9, la d\u00e9coration de sac de f\u00eate&#8230; nous concevons l&rsquo;activit\u00e9 sur mesure.<\/p>\n\n\n\n<p class=\"has-normal-font-size\"><strong>Danse<\/strong>, par exemple, apprenez une routine de danse sur le style de musique que vous avez choisi.<\/p>\n\n\n\n<h4 class=\"wp-block-heading\">Tarifs<\/h4>\n\n\n\n<p class=\"has-normal-font-size\"><a href=\"mailto:info@raisondhetre.ch\">Contactez-nous<\/a> pour un devis.<\/p>\n\n\n\n<figure class=\"wp-block-image size-large\"><img loading=\"lazy\" decoding=\"async\" width=\"943\" height=\"706\" src=\"https:\/\/raisondhetre.ch\/wp-content\/uploads\/2020\/01\/2yrparty.png\" alt=\"Parties: Two year-old party  - Raison d'H\u00eatre\" class=\"wp-image-29341\" srcset=\"https:\/\/raisondhetre.ch\/wp-content\/uploads\/2020\/01\/2yrparty.png 943w, https:\/\/raisondhetre.ch\/wp-content\/uploads\/2020\/01\/2yrparty-300x225.png 300w, https:\/\/raisondhetre.ch\/wp-content\/uploads\/2020\/01\/2yrparty-768x575.png 768w\" sizes=\"auto, (max-width: 943px) 100vw, 943px\" \/><\/figure>\n\n\n\n<p class=\"has-normal-font-size\"><em>Photo de l&rsquo;espace pour la f\u00eate d&rsquo;un enfant de 2 ans<\/em><\/p>\n\n\n\n<style>\n.comment-content a, .comment-reply-title small a, .entry-content a, .entry-footer a:focus, .entry-footer a:hover, .entry-summary a, .logged-in-as a, .pingback .comment-body > a, .site-info a:focus, .site-info a:hover, .taxonomy-description a {\n    box-shadow: none;\n}\n<\/style>\n<h3 class=\"has-text-align-center has-very-dark-gray-color has-text-color\"><a href=\"https:\/\/raisondhetre.ch\/meet-our-holistic-team\/\">Rencontrez l&rsquo;\u00e9quipe >><\/a><\/h3>\n\n\n\n<link rel=\"stylesheet\" href=\"https:\/\/fonts.googleapis.com\/css?family=Lato\">\n<style>\n\n.book-btn {\n    display: block;\n    position: fixed;\n    right: 0;\n    top: 50%;\n    z-index: 9998;\n    cursor: pointer;\n    transform: translateY(-50%);\n    -ms-transform: translateY(-50%);\n    -webkit-transform: translateY(-50%);\n    -moz-transform: translateY(-50%);\n    transform: rotate(-90deg);\n  -webkit-transform: rotate(-90deg);\n  -moz-transform: rotate(-90deg);\n  -ms-transform: rotate(-90deg);\n  -o-transform: rotate(-90deg);\n  filter: progid:DXImageTransform.Microsoft.BasicImage(rotation=3);\n  text-decoration: none;\n  font-size: 1.2rem;\n  font-weight: bold;\n  background: rgb(230,61,65);\nbackground: linear-gradient(180deg, rgba(230,61,65,1) 40%, rgba(167,49,54,1) 100%);\n  color: white;\n  padding: 15px 30px;\n  margin-right: -91px;\n  font-family: 'Lato', sans serif;\n}\n@media (max-width: 600px) {\n.book-btn {\nright: auto;\nleft:0;\nwidth: 103%;\ntop:auto;\ntext-align: center;\nbottom:0;\n    transform: none;\n  -webkit-transform: none;\n  -moz-transform: none;\n  -ms-transform: none;\n  -o-transform: none;\n  filter: progid:DXImageTransform.Microsoft.BasicImage(rotation=0)\n  margin-right: 0;\n  margin-left: -8px;\n  padding: 15px 0;\n}\n}\n<\/style>\n\n\n<a class=\"book-btn\" href=\"https:\/\/raisondhetre.ch\/book-a-class\/\">R\u00e9server maintenant<\/a>\n","protected":false},"excerpt":{"rendered":"<p>Nous adorons les f\u00eates et pouvons transformer notre espace joyeux pour une f\u00eate de luxe ou une simple f\u00eate, modulable &hellip; <a href=\"https:\/\/raisondhetre.ch\/fr\/fetes\/\" class=\"more-link\">Lire la suite de <span class=\"screen-reader-text\">F\u00eates<\/span><\/a><\/p>\n","protected":false},"author":1,"featured_media":30114,"parent":0,"menu_order":0,"comment_status":"closed","ping_status":"closed","template":"full-width-page.php","meta":{"_monsterinsights_skip_tracking":false,"_monsterinsights_sitenote_active":false,"_monsterinsights_sitenote_note":"","_monsterinsights_sitenote_category":0,"footnotes":""},"tags":[13,15],"class_list":["post-30185","page","type-page","status-publish","has-post-thumbnail","hentry","tag-birthday-fr","tag-parties-fr"],"yoast_head":"<!-- This site is optimized with the Yoast SEO plugin v26.7 - https:\/\/yoast.com\/wordpress\/plugins\/seo\/ -->\n<title>F\u00eates | Raison d&#039;H\u00eatre<\/title>\n<meta name=\"description\" content=\"F\u00eates d&#039;anniversaire pour enfants, yoga, yoga a\u00e9rien, enterrement de vie de jeune fille. Nous organisons la f\u00eate que vous voulez!\" \/>\n<meta name=\"robots\" content=\"index, follow, max-snippet:-1, max-image-preview:large, max-video-preview:-1\" \/>\n<link rel=\"canonical\" href=\"https:\/\/raisondhetre.ch\/fr\/fetes\/\" \/>\n<meta property=\"og:locale\" content=\"fr_FR\" \/>\n<meta property=\"og:type\" content=\"article\" \/>\n<meta property=\"og:title\" content=\"F\u00eates | Raison d&#039;H\u00eatre\" \/>\n<meta property=\"og:description\" content=\"F\u00eates d&#039;anniversaire pour enfants, yoga, yoga a\u00e9rien, enterrement de vie de jeune fille. Nous organisons la f\u00eate que vous voulez!\" \/>\n<meta property=\"og:url\" content=\"https:\/\/raisondhetre.ch\/fr\/fetes\/\" \/>\n<meta property=\"og:site_name\" content=\"Raison d&#039;H\u00eatre\" \/>\n<meta property=\"article:publisher\" content=\"https:\/\/www.facebook.com\/Raison-dh%c3%aatre-109802160403870\" \/>\n<meta property=\"article:modified_time\" content=\"2024-08-07T21:36:47+00:00\" \/>\n<meta property=\"og:image\" content=\"https:\/\/raisondhetre.ch\/wp-content\/uploads\/2020\/01\/2yrparty.png\" \/>\n\t<meta property=\"og:image:width\" content=\"943\" \/>\n\t<meta property=\"og:image:height\" content=\"706\" \/>\n\t<meta property=\"og:image:type\" content=\"image\/png\" \/>\n<meta name=\"twitter:card\" content=\"summary_large_image\" \/>\n<meta name=\"twitter:label1\" content=\"Dur\u00e9e de lecture estim\u00e9e\" \/>\n\t<meta name=\"twitter:data1\" content=\"2 minutes\" \/>\n<script type=\"application\/ld+json\" class=\"yoast-schema-graph\">{\"@context\":\"https:\/\/schema.org\",\"@graph\":[{\"@type\":\"WebPage\",\"@id\":\"https:\/\/raisondhetre.ch\/fr\/fetes\/\",\"url\":\"https:\/\/raisondhetre.ch\/fr\/fetes\/\",\"name\":\"F\u00eates | Raison d&#039;H\u00eatre\",\"isPartOf\":{\"@id\":\"https:\/\/raisondhetre.ch\/fr\/#website\"},\"primaryImageOfPage\":{\"@id\":\"https:\/\/raisondhetre.ch\/fr\/fetes\/#primaryimage\"},\"image\":{\"@id\":\"https:\/\/raisondhetre.ch\/fr\/fetes\/#primaryimage\"},\"thumbnailUrl\":\"https:\/\/raisondhetre.ch\/wp-content\/uploads\/2020\/01\/2yrparty.png\",\"datePublished\":\"2020-01-01T16:14:32+00:00\",\"dateModified\":\"2024-08-07T21:36:47+00:00\",\"description\":\"F\u00eates d'anniversaire pour enfants, yoga, yoga a\u00e9rien, enterrement de vie de jeune fille. Nous organisons la f\u00eate que vous voulez!\",\"breadcrumb\":{\"@id\":\"https:\/\/raisondhetre.ch\/fr\/fetes\/#breadcrumb\"},\"inLanguage\":\"fr-FR\",\"potentialAction\":[{\"@type\":\"ReadAction\",\"target\":[\"https:\/\/raisondhetre.ch\/fr\/fetes\/\"]}]},{\"@type\":\"ImageObject\",\"inLanguage\":\"fr-FR\",\"@id\":\"https:\/\/raisondhetre.ch\/fr\/fetes\/#primaryimage\",\"url\":\"https:\/\/raisondhetre.ch\/wp-content\/uploads\/2020\/01\/2yrparty.png\",\"contentUrl\":\"https:\/\/raisondhetre.ch\/wp-content\/uploads\/2020\/01\/2yrparty.png\",\"width\":943,\"height\":706},{\"@type\":\"BreadcrumbList\",\"@id\":\"https:\/\/raisondhetre.ch\/fr\/fetes\/#breadcrumb\",\"itemListElement\":[{\"@type\":\"ListItem\",\"position\":1,\"name\":\"Home\",\"item\":\"https:\/\/raisondhetre.ch\/fr\/\"},{\"@type\":\"ListItem\",\"position\":2,\"name\":\"F\u00eates\"}]},{\"@type\":\"WebSite\",\"@id\":\"https:\/\/raisondhetre.ch\/fr\/#website\",\"url\":\"https:\/\/raisondhetre.ch\/fr\/\",\"name\":\"Raison d'H\u00eatre\",\"description\":\"Classes for young and old\",\"publisher\":{\"@id\":\"https:\/\/raisondhetre.ch\/fr\/#organization\"},\"potentialAction\":[{\"@type\":\"SearchAction\",\"target\":{\"@type\":\"EntryPoint\",\"urlTemplate\":\"https:\/\/raisondhetre.ch\/fr\/?s={search_term_string}\"},\"query-input\":{\"@type\":\"PropertyValueSpecification\",\"valueRequired\":true,\"valueName\":\"search_term_string\"}}],\"inLanguage\":\"fr-FR\"},{\"@type\":\"Organization\",\"@id\":\"https:\/\/raisondhetre.ch\/fr\/#organization\",\"name\":\"Raison d'H\u00eatre S\u00e0rl\",\"url\":\"https:\/\/raisondhetre.ch\/fr\/\",\"logo\":{\"@type\":\"ImageObject\",\"inLanguage\":\"fr-FR\",\"@id\":\"https:\/\/raisondhetre.ch\/fr\/#\/schema\/logo\/image\/\",\"url\":\"https:\/\/raisondhetre.ch\/wp-content\/uploads\/2019\/08\/Logo-1.png\",\"contentUrl\":\"https:\/\/raisondhetre.ch\/wp-content\/uploads\/2019\/08\/Logo-1.png\",\"width\":250,\"height\":245,\"caption\":\"Raison d'H\u00eatre S\u00e0rl\"},\"image\":{\"@id\":\"https:\/\/raisondhetre.ch\/fr\/#\/schema\/logo\/image\/\"},\"sameAs\":[\"https:\/\/www.facebook.com\/Raison-dh\u00eatre-109802160403870\"]}]}<\/script>\n<!-- \/ Yoast SEO plugin. -->","yoast_head_json":{"title":"F\u00eates | Raison d&#039;H\u00eatre","description":"F\u00eates d'anniversaire pour enfants, yoga, yoga a\u00e9rien, enterrement de vie de jeune fille. Nous organisons la f\u00eate que vous voulez!","robots":{"index":"index","follow":"follow","max-snippet":"max-snippet:-1","max-image-preview":"max-image-preview:large","max-video-preview":"max-video-preview:-1"},"canonical":"https:\/\/raisondhetre.ch\/fr\/fetes\/","og_locale":"fr_FR","og_type":"article","og_title":"F\u00eates | Raison d&#039;H\u00eatre","og_description":"F\u00eates d'anniversaire pour enfants, yoga, yoga a\u00e9rien, enterrement de vie de jeune fille. Nous organisons la f\u00eate que vous voulez!","og_url":"https:\/\/raisondhetre.ch\/fr\/fetes\/","og_site_name":"Raison d&#039;H\u00eatre","article_publisher":"https:\/\/www.facebook.com\/Raison-dh%c3%aatre-109802160403870","article_modified_time":"2024-08-07T21:36:47+00:00","og_image":[{"width":943,"height":706,"url":"https:\/\/raisondhetre.ch\/wp-content\/uploads\/2020\/01\/2yrparty.png","type":"image\/png"}],"twitter_card":"summary_large_image","twitter_misc":{"Dur\u00e9e de lecture estim\u00e9e":"2 minutes"},"schema":{"@context":"https:\/\/schema.org","@graph":[{"@type":"WebPage","@id":"https:\/\/raisondhetre.ch\/fr\/fetes\/","url":"https:\/\/raisondhetre.ch\/fr\/fetes\/","name":"F\u00eates | Raison d&#039;H\u00eatre","isPartOf":{"@id":"https:\/\/raisondhetre.ch\/fr\/#website"},"primaryImageOfPage":{"@id":"https:\/\/raisondhetre.ch\/fr\/fetes\/#primaryimage"},"image":{"@id":"https:\/\/raisondhetre.ch\/fr\/fetes\/#primaryimage"},"thumbnailUrl":"https:\/\/raisondhetre.ch\/wp-content\/uploads\/2020\/01\/2yrparty.png","datePublished":"2020-01-01T16:14:32+00:00","dateModified":"2024-08-07T21:36:47+00:00","description":"F\u00eates d'anniversaire pour enfants, yoga, yoga a\u00e9rien, enterrement de vie de jeune fille. Nous organisons la f\u00eate que vous voulez!","breadcrumb":{"@id":"https:\/\/raisondhetre.ch\/fr\/fetes\/#breadcrumb"},"inLanguage":"fr-FR","potentialAction":[{"@type":"ReadAction","target":["https:\/\/raisondhetre.ch\/fr\/fetes\/"]}]},{"@type":"ImageObject","inLanguage":"fr-FR","@id":"https:\/\/raisondhetre.ch\/fr\/fetes\/#primaryimage","url":"https:\/\/raisondhetre.ch\/wp-content\/uploads\/2020\/01\/2yrparty.png","contentUrl":"https:\/\/raisondhetre.ch\/wp-content\/uploads\/2020\/01\/2yrparty.png","width":943,"height":706},{"@type":"BreadcrumbList","@id":"https:\/\/raisondhetre.ch\/fr\/fetes\/#breadcrumb","itemListElement":[{"@type":"ListItem","position":1,"name":"Home","item":"https:\/\/raisondhetre.ch\/fr\/"},{"@type":"ListItem","position":2,"name":"F\u00eates"}]},{"@type":"WebSite","@id":"https:\/\/raisondhetre.ch\/fr\/#website","url":"https:\/\/raisondhetre.ch\/fr\/","name":"Raison d'H\u00eatre","description":"Classes for young and old","publisher":{"@id":"https:\/\/raisondhetre.ch\/fr\/#organization"},"potentialAction":[{"@type":"SearchAction","target":{"@type":"EntryPoint","urlTemplate":"https:\/\/raisondhetre.ch\/fr\/?s={search_term_string}"},"query-input":{"@type":"PropertyValueSpecification","valueRequired":true,"valueName":"search_term_string"}}],"inLanguage":"fr-FR"},{"@type":"Organization","@id":"https:\/\/raisondhetre.ch\/fr\/#organization","name":"Raison d'H\u00eatre S\u00e0rl","url":"https:\/\/raisondhetre.ch\/fr\/","logo":{"@type":"ImageObject","inLanguage":"fr-FR","@id":"https:\/\/raisondhetre.ch\/fr\/#\/schema\/logo\/image\/","url":"https:\/\/raisondhetre.ch\/wp-content\/uploads\/2019\/08\/Logo-1.png","contentUrl":"https:\/\/raisondhetre.ch\/wp-content\/uploads\/2019\/08\/Logo-1.png","width":250,"height":245,"caption":"Raison d'H\u00eatre S\u00e0rl"},"image":{"@id":"https:\/\/raisondhetre.ch\/fr\/#\/schema\/logo\/image\/"},"sameAs":["https:\/\/www.facebook.com\/Raison-dh\u00eatre-109802160403870"]}]}},"jetpack_sharing_enabled":true,"_links":{"self":[{"href":"https:\/\/raisondhetre.ch\/fr\/wp-json\/wp\/v2\/pages\/30185","targetHints":{"allow":["GET"]}}],"collection":[{"href":"https:\/\/raisondhetre.ch\/fr\/wp-json\/wp\/v2\/pages"}],"about":[{"href":"https:\/\/raisondhetre.ch\/fr\/wp-json\/wp\/v2\/types\/page"}],"author":[{"embeddable":true,"href":"https:\/\/raisondhetre.ch\/fr\/wp-json\/wp\/v2\/users\/1"}],"replies":[{"embeddable":true,"href":"https:\/\/raisondhetre.ch\/fr\/wp-json\/wp\/v2\/comments?post=30185"}],"version-history":[{"count":14,"href":"https:\/\/raisondhetre.ch\/fr\/wp-json\/wp\/v2\/pages\/30185\/revisions"}],"predecessor-version":[{"id":31171,"href":"https:\/\/raisondhetre.ch\/fr\/wp-json\/wp\/v2\/pages\/30185\/revisions\/31171"}],"wp:featuredmedia":[{"embeddable":true,"href":"https:\/\/raisondhetre.ch\/fr\/wp-json\/wp\/v2\/media\/30114"}],"wp:attachment":[{"href":"https:\/\/raisondhetre.ch\/fr\/wp-json\/wp\/v2\/media?parent=30185"}],"wp:term":[{"taxonomy":"post_tag","embeddable":true,"href":"https:\/\/raisondhetre.ch\/fr\/wp-json\/wp\/v2\/tags?post=30185"}],"curies":[{"name":"wp","href":"https:\/\/api.w.org\/{rel}","templated":true}]}}