{"id":30156,"date":"2017-02-16T09:13:19","date_gmt":"2017-02-16T08:13:19","guid":{"rendered":"https:\/\/raisondhetre.ch\/a-holistic-space-for-children-and-adults-to-enjoy-yoga-classes\/"},"modified":"2026-04-12T22:01:40","modified_gmt":"2026-04-12T20:01:40","slug":"un-espace-holistic-pour-enfants-et-adultes-pour-profiter-du-yoga","status":"publish","type":"page","link":"https:\/\/raisondhetre.ch\/fr\/","title":{"rendered":"Cours de Yoga et Sophrologie \u00e0 Begnins"},"content":{"rendered":"\n<title>Cours de Yoga<\/title>\n\t\t\n<div style=\"text-align: center;\"><a class=\"book-button\" href=\"https:\/\/www.onedoc.ch\/en\/sophrologist\/begnins\/pcpr6\/clare-bhalla\" target=\"_blank\" rel=\"noopener\" style=\"font-size: 1.25rem;\">R\u00e9server un cours priv\u00e9 avec Clare<\/a><\/div>\n\t\n<div class=\"ttcont\">\t\t\n<table class=\"timetable\">\n\t\t\t<tbody><tr>\n\t\t\t\t<th colspan=\"3\">COURS<\/th>\n\t\t\t<\/tr>\n<tr>\n\t\t\t\t<td>Lun<\/td>\n\t\t\t\t<td>9:00 &#8211; 10:00<\/td>\n\t\t\t\t<td>Flying Zen Yoga<\/td>\n<td><a class=\"book-button\" href=\"mailto:valeriekevt@gmail.com?subject=Flying Zen Yoga du lundi matin\" target=\"_blank\" rel=\"noopener\">R\u00e9server<\/a>\n<\/td>\n\t\t\t<\/tr>\n\t\t\t<tr>\n\t\t\t\t<td><\/td>\n\t\t\t\t<td>10:15 &#8211; 11:15<\/td>\n\t\t\t\t<td class=\"new_bubble_fr\">Qigong <span style=\"font-size:14px;\">(avec Kiara)<\/span> <\/td>\n<td><a class=\"book-button\" href=\"mailto:lavanchykiara@gmail.com?cc=info@raisondhetre.ch&#038;subject=Qigong @ Raison d'H\u00eatre\" target=\"_blank\" rel=\"noopener\">R\u00e9server<\/a>\n<\/td>\n\t\t\t<\/tr>\n\t\t\t<tr>\n    <td><\/td>\n    <td>18:00 &#8211; 19:00<\/td>\n    <td><a href=\"https:\/\/raisondhetre.ch\/classes\/#girlflyyoga\">Fly Yoga &#038; Bien-\u00eatre<\/a> <span style=\"font-size:14px;\">(10+ ans)<\/span> <\/td>\n<td><a class=\"book-button\" href=\"https:\/\/raisondhetre.ch\/classes\/kids-aerial-yoga\/\" rel=\"noopener\">D\u00e9tails<\/a>\n<\/td>\n<\/tr>\n\t\t\t<tr>\n\t\t\t\t<td><\/td>\n\t\t\t\t<td>19:30 &#8211; 20:30<\/td>\n\t\t\t\t<td>Flying Zen Yoga<\/td>\n<td><a class=\"book-button\" href=\"mailto:valeriekevt@gmail.com?subject=Flying Zen Yoga du lundi soir\" target=\"_blank\" rel=\"noopener\">R\u00e9server<\/a>\n<\/td>\n\t\t\t<\/tr>\n\t\t\t<tr>\n\t\t\t\t<td>Mar<\/td>\n\t\t\t\t<td>9:15 &#8211; 10:15<\/td>\n\t\t\t\t<td>Gymnastique Somatique<\/td>\n<td><a class=\"book-button\" href=\"mailto:c.rochat@protonmail.ch?subject=Cours Gymnastique Somatique mardi\" target=\"_blank\" rel=\"noopener\">R\u00e9server<\/a>\n<\/td>\n\t\t\t<\/tr>\n\t<tr>\n    <td><\/td>\n    <td>18:00 &#8211; 19:00<\/td>\n    <td><a href=\"https:\/\/raisondhetre.ch\/classes\/#teenflyyoga\">Bien-\u00eatre &#038; Mouvement A\u00e9rien<\/a> <span style=\"font-size:14px;\">(13-15 ans)<\/span><\/td>\n<td><a class=\"book-button\" href=\"https:\/\/raisondhetre.ch\/classes\/kids-aerial-yoga\/\" rel=\"noopener\">D\u00e9tails<\/a>\n<\/td>\n<\/tr>\n<tr>\n\t\t\t\t<td><\/td>\n\t\t\t\t<td>19:00 &#8211; 20:00<\/td>\n\t\t\t\t<td><a href=\"https:\/\/raisondhetre.ch\/classes\/#prenatal\">Yoga pr\u00e9natal<\/a><\/td>\n<td><a class=\"book-button popmake-31181\" href=\"https:\/\/app.acuityscheduling.com\/schedule.php?owner=20367979&amp;appointmentType=34096709\" target=\"_blank\" rel=\"noopener\">R\u00e9server<\/a>\n<link rel=\"stylesheet\" href=\"https:\/\/embed.acuityscheduling.com\/embed\/button\/20367979.css\" id=\"acuity-button-styles\">\n<script src=\"https:\/\/embed.acuityscheduling.com\/embed\/button\/20367979.js\" async=\"\"><\/script><\/td>\n\t\t\t<\/tr>\n\t\t\t<tr>\n\t\t\t\t<td>Mer<\/td>\n\t\t\t\t<td>9:00 &#8211; 10:00<\/td>\n\t\t\t\t<td>Fitness Yoga<\/td>\n<td><a class=\"book-button\" href=\"mailto:valeriekevt@gmail.com?subject=Fitness Yoga du mercredi matin\" target=\"_blank\" rel=\"noopener\">R\u00e9server<\/a>\n<\/td>\n\t\t\t<\/tr>\n<!--<tr>\n\t\t\t\t<td><\/td>\n\t\t\t\t<td>14:00 - 14:50<\/td>\n\t\t\t\t<td class=\"new_bubble_fr\"><a href=\"https:\/\/raisondhetre.ch\/classes\/kids-aerial-yoga\/\">Danse A\u00e9rienne & Bien-\u00eatre<\/a> <span style=\"font-size:14px;\">(6-9 ans)<\/span><\/td>\n<td><a class=\"book-button\" href=\"https:\/\/app.acuityscheduling.com\/schedule.php?owner=20367979&appointmentType=78401200\" target=\"_blank\" rel=\"noopener\">R\u00e9server<\/a>\n<\/td>\n\t\t\t<\/tr>-->\n<tr>\n\t\t\t\t<td><\/td>\n\t\t\t\t<td>15:00 &#8211; 15:50<\/td>\n\t\t\t\t<td><a href=\"https:\/\/raisondhetre.ch\/classes\/#kidsflyyoga\">Kids Fly Yoga &#038; Bien-\u00eatre<\/a> <span style=\"font-size:14px;\">(3-6 ans)<\/span><\/td>\n<td><a class=\"book-button\" href=\"https:\/\/raisondhetre.ch\/classes\/kids-aerial-yoga\/\" rel=\"noopener\">D\u00e9tails<\/a>\n<\/td>\n\t\t\t<\/tr>\n<tr>\n    <td><\/td>\n    <td>16:00 &#8211; 16:45<\/td>\n    <td><a href=\"https:\/\/raisondhetre.ch\/classes\/#totsflyyoga\">Kids Fly Yoga &#038; Bien-\u00eatre<\/a> <span style=\"font-size:14px;\">(6-9 ans)<\/span><\/td>\n<td><a class=\"book-button\" href=\"https:\/\/raisondhetre.ch\/classes\/kids-aerial-yoga\/\" rel=\"noopener\">D\u00e9tails<\/a>\n    <\/td>\n<\/tr>\n\t\t\t<tr>\n\t\t\t\t<td><\/td>\n\t\t\t\t<td>19:30 &#8211; 20:30<\/td>\n\t\t\t\t<td>Flying Yoga<\/td>\n<td><a class=\"book-button\" href=\"mailto:valeriekevt@gmail.com?subject=Flying Yoga du mercredi soir\" target=\"_blank\" rel=\"noopener\">R\u00e9server<\/a>\n<\/td>\n\t\t\t<\/tr>\n\t\t\t<tr>\n\t\t\t\t<td>Jeu<\/td>\n\t\t\t\t<td>9:30 &#8211; 11:30<\/td>\n\t\t\t\t<td class=\"new_bubble_fr\"><a class=\"popmake-30952\">Matin\u00e9e ludique avec Selina<\/a> <span style=\"font-size:14px;\">(3-6 ans)<\/span><\/td>\n<td><a class=\"book-button\" href=\"tel:+41764469111\" target=\"_blank\" rel=\"noopener\">R\u00e9server<\/a>\n<\/td>\n\t\t\t<\/tr>\n<tr>\n\t\t\t\t<td>Ven<\/td>\n\t\t\t\t<td>9:15 &#8211; 10:15<\/td>\n\t\t\t\t<td><a href=\"https:\/\/raisondhetre.ch\/fr\/cours\/#fridayyoga\">SlowFlow Yoga<\/a><span style=\"font-size:14px;\"> (avec Clare)<\/span><\/td>\n<td><a class=\"book-button popmake-31034\" href=\"https:\/\/app.acuityscheduling.com\/schedule.php?owner=20367979&#038;appointmentType=62247541\" target=\"_blank\" rel=\"noopener\">R\u00e9server<\/a>\n<link rel=\"stylesheet\" href=\"https:\/\/embed.acuityscheduling.com\/embed\/button\/20367979.css\" id=\"acuity-button-styles\">\n<script src=\"https:\/\/embed.acuityscheduling.com\/embed\/button\/20367979.js\" async=\"\"><\/script><\/td>\n\t\t\t<\/tr>\n<tr>\n\t\t\t\t<td><\/td>\n\t\t\t\t<td>10:30 &#8211; 11:30<\/td>\n\t\t\t\t<td><a href=\"https:\/\/raisondhetre.ch\/fr\/cours\/#parentbabyyoga\">Parent &#038; B\u00e9b\u00e9: Mouvement et Massage<\/a><\/td>\n<td><a class=\"book-button\" href=\"https:\/\/app.acuityscheduling.com\/schedule.php?owner=20367979&#038;appointmentType=68748177\" target=\"_blank\" rel=\"noopener\">R\u00e9server<\/a>\n\t<link rel=\"stylesheet\" href=\"https:\/\/embed.acuityscheduling.com\/embed\/button\/20367979.css\" id=\"acuity-button-styles\">\n\t\t\t\t<script src=\"https:\/\/embed.acuityscheduling.com\/embed\/button\/20367979.js\" async=\"\"><\/script>\n<\/td>\n\t\t\t<\/tr>\n\t\t\t<tr>\n\t\t\t\t<td>Sam<\/td>\n\t\t\t\t<td>9:15 &#8211; 10:15<\/td>\n\t\t\t\t<td>Flying Yoga<\/td>\n<td><a class=\"book-button\" href=\"mailto:valeriekevt@gmail.com?subject=Flying Yoga du samedi matin\" target=\"_blank\" rel=\"noopener\">R\u00e9server<\/a>\n<\/td>\n\t\t\t<\/tr>\n\t\t\t<tr>\n\t\t\t\t<td><\/td>\n\t\t\t\t<td>10:30 &#8211; 11:30<\/td>\n\t\t\t\t<td class=\"new_bubble_fr\">Vinyassa Yoga sur tapis <span style=\"font-size:14px;\">(avec Anna)<\/span><\/td>\n<td><a class=\"book-button\" href=\"mailto:info@raisondhetre.ch?subject=Samedi Vinyassa avec Anna\" target=\"_blank\" rel=\"noopener\">R\u00e9server<\/a>\n<\/td>\n\t\t\t<\/tr>\n\t\t\t<tr>\n\t\t\t\t<td><\/td>\n\t\t\t\t<td>17:30 &#8211; 19:00<\/td>\n\t\t\t\t<td class=\"new_bubble_fr\">Hamacs &#038; R\u00e9sonances<\/td>\n<td><a class=\"book-button\" href=\"https:\/\/app.acuityscheduling.com\/schedule.php?owner=20367979&#038;appointmentType=91015854\" target=\"_blank\" rel=\"noopener\">R\u00e9server<\/a>\n<link rel=\"stylesheet\" href=\"https:\/\/embed.acuityscheduling.com\/embed\/button\/20367979.css\" id=\"acuity-button-styles\">\n<script src=\"https:\/\/embed.acuityscheduling.com\/embed\/button\/20367979.js\" async=\"\"><\/script><\/td>\n\t\t\t<\/tr>\n<tr>\n\t\t\t\t<td>Dim<\/td>\n\t\t\t\t<td>9:30 &#8211; 10:15<\/td>\n\t\t\t\t<td><a href=\"https:\/\/raisondhetre.ch\/classes\/#familyyoga\">Yoga Famille<\/a><\/td>\n<td><a class=\"book-button\" href=\"https:\/\/app.acuityscheduling.com\/schedule.php?owner=20367979&#038;appointmentType=87411578\" target=\"_blank\" rel=\"noopener\">R\u00e9server<\/a>\n<link rel=\"stylesheet\" href=\"https:\/\/embed.acuityscheduling.com\/embed\/button\/20367979.css\" id=\"acuity-button-styles\">\n<script src=\"https:\/\/embed.acuityscheduling.com\/embed\/button\/20367979.js\" async=\"\"><\/script><\/td>\n\t\t\t<\/tr>\n<tr>\n\t\t\t\t<td><\/td>\n\t\t\t\t<td>11:00 &#8211; 12:00<\/td>\n\t\t\t\t<td>Yoga A\u00e9rien Famille <span style=\"font-size:14px;\">(1 adulte, 1 enfant 6-9 ans)<\/span><\/td>\n<td><a class=\"book-button\" href=\"https:\/\/app.acuityscheduling.com\/schedule.php?owner=20367979&#038;appointmentType=54218811\" target=\"_blank\" rel=\"noopener\">R\u00e9server<\/a>\n<link rel=\"stylesheet\" href=\"https:\/\/embed.acuityscheduling.com\/embed\/button\/20367979.css\" id=\"acuity-button-styles\">\n<script src=\"https:\/\/embed.acuityscheduling.com\/embed\/button\/20367979.js\" async=\"\"><\/script><\/td>\n\t\t\t<\/tr>\n<tr>\n\t\t\t\t<td><\/td>\n\t\t\t\t<td>16:00 &#8211; 17:00<\/td>\n\t\t\t\t<td>Yoga A\u00e9rien Famille <span style=\"font-size:14px;\">(1 adulte, 1 enfant 10+ ans)<\/span><\/td>\n<td><a class=\"book-button\" href=\"https:\/\/app.acuityscheduling.com\/schedule.php?owner=20367979&#038;appointmentType=87412100\" target=\"_blank\" rel=\"noopener\">R\u00e9server<\/a>\n<link rel=\"stylesheet\" href=\"https:\/\/embed.acuityscheduling.com\/embed\/button\/20367979.css\" id=\"acuity-button-styles\">\n<script src=\"https:\/\/embed.acuityscheduling.com\/embed\/button\/20367979.js\" async=\"\"><\/script><\/td>\n\t\t\t<\/tr>\n<tr>\n\t\t\t\t<td><\/td>\n\t\t\t\t<td>17:30 &#8211; 18:30<\/td>\n\t\t\t\t<td class=\"new_bubble_fr\"><a href=\"https:\/\/raisondhetre.ch\/classes\/#sundayyin\">Yin Yoga<\/a> <span style=\"font-size:14px;\">(avec C\u00e9line)<\/span><\/td>\n<td><a class=\"book-button\" href=\"https:\/\/www.momoyoga.com\/yoga-avec-celine\/teacher-profile\" target=\"_blank\" rel=\"noopener\">R\u00e9server<\/a>\n<link rel=\"stylesheet\" href=\"https:\/\/embed.acuityscheduling.com\/embed\/button\/20367979.css\" id=\"acuity-button-styles\">\n<script src=\"https:\/\/embed.acuityscheduling.com\/embed\/button\/20367979.js\" async=\"\"><\/script><\/td>\n\t\t\t<\/tr>\n\t\t\t<\/tbody><\/table>\n\t\t<p>Nous proposons \u00e9galement des cours priv\u00e9s sur demande<\/p>\n<br>\n<\/div>\n\n\n\n<p>Je m&rsquo;appelle Clare (prononc\u00e9 comme \u00ab\u00a0Claire\u00a0\u00bb). J&rsquo;ai lanc\u00e9 Raison d&rsquo;H\u00eatre pour offrir un espace s\u00fbr et magnifique o\u00f9 les gens peuvent profiter d&rsquo;activit\u00e9s \u00e9panouissantes comme le yoga, permettant un d\u00e9veloppement qui peut \u00eatre int\u00e9gr\u00e9 \u00e0 leur vie quotidienne. J&rsquo;aime le fait que le studio accueille des gens de tous les \u00e2ges, les familles et le fait que nous soyons accessibles aux personnes handicap\u00e9es. \u00ab\u00a0Raison d&rsquo;H\u00eatre\u00a0\u00bb est un nom que mon mari a trouv\u00e9, car je voulais un nom en fran\u00e7ais, \u00e9tant bas\u00e9 en Suisse romande. Non ce n&rsquo;est pas une faute d&rsquo;orthographe, mais plut\u00f4t un jeu de mots! Nous aimons le sens fort : \u00ab raison d&rsquo;\u00eatre \u00bb et nous l&rsquo;avons chang\u00e9 de mani\u00e8re ludique en \u00ab H\u00eatre \u00bb, qui est symbole de connaissance, de m\u00e9ditation et de force.<\/p>\n\n\n\n<figure class=\"wp-block-image size-large\"><img loading=\"lazy\" decoding=\"async\" width=\"1024\" height=\"701\" src=\"https:\/\/raisondhetre.ch\/wp-content\/uploads\/2020\/04\/IMG_1907.jpg\" alt=\"Yoga studio\" class=\"wp-image-29494\" srcset=\"https:\/\/raisondhetre.ch\/wp-content\/uploads\/2020\/04\/IMG_1907.jpg 1024w, https:\/\/raisondhetre.ch\/wp-content\/uploads\/2020\/04\/IMG_1907-300x205.jpg 300w, https:\/\/raisondhetre.ch\/wp-content\/uploads\/2020\/04\/IMG_1907-768x526.jpg 768w\" sizes=\"auto, (max-width: 1024px) 100vw, 1024px\" \/><\/figure>\n\n\n\n<p><\/p>\n\n\n\n<p>Nich\u00e9 dans le village pittoresque de <strong>Begnins <\/strong>(\u00e0 5 minutes de la sortie d&rsquo;autoroute de Gland), accessible en transports en commun et disposant de nombreuses possibilit\u00e9s de parking, notre espace propose des cours et ateliers diversifi\u00e9s pour petits et grands.<\/p>\n\n\n\n<p>Offrez-vous des soins personnels avec nos s\u00e9ances de yoga personnalis\u00e9es. Que vous recherchiez une <strong>pratique douce de yoga pr\u00e9natal<\/strong>, une <strong>s\u00e9ance postnatale rajeunissante<\/strong> ou que vous souhaitiez simplement <strong>am\u00e9liorer votre bien-\u00eatre g\u00e9n\u00e9ral<\/strong>, nos cours de <strong>yoga sur tapis et a\u00e9riens<\/strong> sur mesure s&rsquo;adressent \u00e0 <strong>tous les \u00e2ges<\/strong> et \u00e0 <strong>tous les stades<\/strong>.<\/p>\n\n\n\n<p>Pour ceux qui recherchent une <strong>relaxation plus profonde et un soulagement du stress<\/strong>, nos s\u00e9ances de sophrologie proposent des techniques personnalis\u00e9es pour <strong>calmer l&rsquo;esprit et le corps<\/strong> couvertes par l&rsquo;<strong>ASCA<\/strong>. Nos <strong>massages aux bols sonores<\/strong> offrent une <strong>exp\u00e9rience profond\u00e9ment relaxante et rajeunissante<\/strong>, vous permettant de <strong>vous d\u00e9tendre<\/strong> et de <strong>vous ressourcer<\/strong>.<\/p>\n\n\n\n<p>Rejoignez nos <strong>cours de yoga en groupe dynamiques<\/strong> pour <strong>tous les niveaux<\/strong>, o\u00f9 vous pourrez vous <strong>connecter avec des personnes partageant les m\u00eames id\u00e9es<\/strong> et am\u00e9liorer votre pratique. Nos <strong>cours mensuels de yoga en famille<\/strong> offrent une fa\u00e7on amusante et interactive de <strong>cr\u00e9er des liens<\/strong> avec vos proches et de leur faire <strong>d\u00e9couvrir les bienfaits du yoga<\/strong>.<\/p>\n\n\n\n<p>Ou <strong>d\u00e9tendez-vous simplement<\/strong> et <strong>connectez-vous avec les autres<\/strong> autour d&rsquo;une tasse de th\u00e9 dans notre environnement accueillant.<\/p>\n\n\n\n<p>Que vous recherchiez <strong>la tranquillit\u00e9, la forme physique ou les liens familiaux<\/strong>, nous vous proposons un espace pour nourrir votre esprit, votre corps et votre \u00e2me.<\/p>\n\n\n<div class=\"strong-view strong-view-id-1 modern wpmtst-modern slider-container slider-mode-fade slider-adaptive\" data-count=\"0\" data-slider-var=\"strong_slider_id_1\" data-state=\"idle\"><div class=\"strong-content wpmslider-content\"><\/div><\/div>\n\n\n\n<h3 class=\"wp-block-heading has-text-align-center has-very-dark-gray-color has-text-color\"><a href=\"https:\/\/raisondhetre.ch\/meet-our-holistic-team\">Rencontrez l'\u00e9quipe Raison d\u2019H\u00eatre &gt;&gt;<\/a><\/h3>\n\n\n\n<link rel=\"stylesheet\" href=\"https:\/\/fonts.googleapis.com\/css?family=Lato\">\n<style>\n\n.book-btn {\n    display: block;\n    position: fixed;\n    right: 0;\n    top: 50%;\n    z-index: 9998;\n    cursor: pointer;\n    transform: translateY(-50%);\n    -ms-transform: translateY(-50%);\n    -webkit-transform: translateY(-50%);\n    -moz-transform: translateY(-50%);\n    transform: rotate(-90deg);\n  -webkit-transform: rotate(-90deg);\n  -moz-transform: rotate(-90deg);\n  -ms-transform: rotate(-90deg);\n  -o-transform: rotate(-90deg);\n  filter: progid:DXImageTransform.Microsoft.BasicImage(rotation=3);\n  text-decoration: none;\n  font-size: 1.2rem;\n  font-weight: bold;\n  background: rgb(230,61,65);\nbackground: linear-gradient(180deg, rgba(230,61,65,1) 40%, rgba(167,49,54,1) 100%);\n  color: white;\n  padding: 15px 30px;\n  margin-right: -91px;\n  font-family: 'Lato', sans serif;\n}\n@media (max-width: 600px) {\n.book-btn {\nright: auto;\nleft:0;\nwidth: 103%;\ntop:auto;\ntext-align: center;\nbottom:0;\n    transform: none;\n  -webkit-transform: none;\n  -moz-transform: none;\n  -ms-transform: none;\n  -o-transform: none;\n  filter: progid:DXImageTransform.Microsoft.BasicImage(rotation=0)\n  margin-right: 0;\n  margin-left: -8px;\n  padding: 15px 0;\n}\n}\n<\/style>\n\n\n<a class=\"book-btn\" href=\"https:\/\/raisondhetre.ch\/book-a-class\/\">R\u00e9server maintenant<\/a>\n","protected":false},"excerpt":{"rendered":"<p>Cours de Yoga R\u00e9server un cours priv\u00e9 avec Clare COURS Lun 9:00 &#8211; 10:00 Flying Zen Yoga R\u00e9server 10:15 &#8211; &hellip; <a href=\"https:\/\/raisondhetre.ch\/fr\/\" class=\"more-link\">Lire la suite de <span class=\"screen-reader-text\">Cours de Yoga et Sophrologie \u00e0 Begnins<\/span><\/a><\/p>\n","protected":false},"author":1,"featured_media":30143,"parent":0,"menu_order":0,"comment_status":"closed","ping_status":"closed","template":"full-width-page.php","meta":{"_monsterinsights_skip_tracking":false,"_monsterinsights_sitenote_active":false,"_monsterinsights_sitenote_note":"","_monsterinsights_sitenote_category":0,"footnotes":""},"tags":[],"class_list":["post-30156","page","type-page","status-publish","has-post-thumbnail","hentry"],"yoast_head":"<!-- This site is optimized with the Yoast SEO plugin v26.7 - https:\/\/yoast.com\/wordpress\/plugins\/seo\/ -->\n<title>Cours de Yoga et Sophrologie \u00e0 Begnins | Raison d&#039;H\u00eatre<\/title>\n<meta name=\"description\" content=\"Cours de yoga ou de sophrologie pour vous et vos enfants? Venez lib\u00e9rer votre corps et votre esprit \u00e0 Raison d&#039;H\u00eatre Begnins!\" \/>\n<meta name=\"robots\" content=\"index, follow, max-snippet:-1, max-image-preview:large, max-video-preview:-1\" \/>\n<link rel=\"canonical\" href=\"https:\/\/raisondhetre.ch\/fr\/\" \/>\n<meta property=\"og:locale\" content=\"fr_FR\" \/>\n<meta property=\"og:type\" content=\"article\" \/>\n<meta property=\"og:title\" content=\"Cours de Yoga et Sophrologie \u00e0 Begnins | Raison d&#039;H\u00eatre\" \/>\n<meta property=\"og:description\" content=\"Cours de yoga ou de sophrologie pour vous et vos enfants? Venez lib\u00e9rer votre corps et votre esprit \u00e0 Raison d&#039;H\u00eatre Begnins!\" \/>\n<meta property=\"og:url\" content=\"https:\/\/raisondhetre.ch\/fr\/\" \/>\n<meta property=\"og:site_name\" content=\"Raison d&#039;H\u00eatre\" \/>\n<meta property=\"article:publisher\" content=\"https:\/\/www.facebook.com\/Raison-dh%c3%aatre-109802160403870\" \/>\n<meta property=\"article:modified_time\" content=\"2026-04-12T20:01:40+00:00\" \/>\n<meta property=\"og:image\" content=\"https:\/\/raisondhetre.ch\/wp-content\/uploads\/2022\/11\/IMG_5940-scaled.jpg\" \/>\n\t<meta property=\"og:image:width\" content=\"2560\" \/>\n\t<meta property=\"og:image:height\" content=\"1707\" \/>\n\t<meta property=\"og:image:type\" content=\"image\/jpeg\" \/>\n<meta name=\"twitter:card\" content=\"summary_large_image\" \/>\n<meta name=\"twitter:label1\" content=\"Dur\u00e9e de lecture estim\u00e9e\" \/>\n\t<meta name=\"twitter:data1\" content=\"3 minutes\" \/>\n<script type=\"application\/ld+json\" class=\"yoast-schema-graph\">{\"@context\":\"https:\/\/schema.org\",\"@graph\":[{\"@type\":\"WebPage\",\"@id\":\"https:\/\/raisondhetre.ch\/fr\/\",\"url\":\"https:\/\/raisondhetre.ch\/fr\/\",\"name\":\"Cours de Yoga et Sophrologie \u00e0 Begnins | Raison d&#039;H\u00eatre\",\"isPartOf\":{\"@id\":\"https:\/\/raisondhetre.ch\/fr\/#website\"},\"primaryImageOfPage\":{\"@id\":\"https:\/\/raisondhetre.ch\/fr\/#primaryimage\"},\"image\":{\"@id\":\"https:\/\/raisondhetre.ch\/fr\/#primaryimage\"},\"thumbnailUrl\":\"https:\/\/raisondhetre.ch\/wp-content\/uploads\/2022\/11\/IMG_5940-scaled.jpg\",\"datePublished\":\"2017-02-16T08:13:19+00:00\",\"dateModified\":\"2026-04-12T20:01:40+00:00\",\"description\":\"Cours de yoga ou de sophrologie pour vous et vos enfants? Venez lib\u00e9rer votre corps et votre esprit \u00e0 Raison d'H\u00eatre Begnins!\",\"breadcrumb\":{\"@id\":\"https:\/\/raisondhetre.ch\/fr\/#breadcrumb\"},\"inLanguage\":\"fr-FR\",\"potentialAction\":[{\"@type\":\"ReadAction\",\"target\":[\"https:\/\/raisondhetre.ch\/fr\/\"]}]},{\"@type\":\"ImageObject\",\"inLanguage\":\"fr-FR\",\"@id\":\"https:\/\/raisondhetre.ch\/fr\/#primaryimage\",\"url\":\"https:\/\/raisondhetre.ch\/wp-content\/uploads\/2022\/11\/IMG_5940-scaled.jpg\",\"contentUrl\":\"https:\/\/raisondhetre.ch\/wp-content\/uploads\/2022\/11\/IMG_5940-scaled.jpg\",\"width\":2560,\"height\":1707},{\"@type\":\"BreadcrumbList\",\"@id\":\"https:\/\/raisondhetre.ch\/fr\/#breadcrumb\",\"itemListElement\":[{\"@type\":\"ListItem\",\"position\":1,\"name\":\"Home\",\"item\":\"https:\/\/raisondhetre.ch\/fr\/\"},{\"@type\":\"ListItem\",\"position\":2,\"name\":\"Cours de Yoga et Sophrologie \u00e0 Begnins\"}]},{\"@type\":\"WebSite\",\"@id\":\"https:\/\/raisondhetre.ch\/fr\/#website\",\"url\":\"https:\/\/raisondhetre.ch\/fr\/\",\"name\":\"Raison d'H\u00eatre\",\"description\":\"Classes for young and old\",\"publisher\":{\"@id\":\"https:\/\/raisondhetre.ch\/fr\/#organization\"},\"potentialAction\":[{\"@type\":\"SearchAction\",\"target\":{\"@type\":\"EntryPoint\",\"urlTemplate\":\"https:\/\/raisondhetre.ch\/fr\/?s={search_term_string}\"},\"query-input\":{\"@type\":\"PropertyValueSpecification\",\"valueRequired\":true,\"valueName\":\"search_term_string\"}}],\"inLanguage\":\"fr-FR\"},{\"@type\":\"Organization\",\"@id\":\"https:\/\/raisondhetre.ch\/fr\/#organization\",\"name\":\"Raison d'H\u00eatre S\u00e0rl\",\"url\":\"https:\/\/raisondhetre.ch\/fr\/\",\"logo\":{\"@type\":\"ImageObject\",\"inLanguage\":\"fr-FR\",\"@id\":\"https:\/\/raisondhetre.ch\/fr\/#\/schema\/logo\/image\/\",\"url\":\"https:\/\/raisondhetre.ch\/wp-content\/uploads\/2019\/08\/Logo-1.png\",\"contentUrl\":\"https:\/\/raisondhetre.ch\/wp-content\/uploads\/2019\/08\/Logo-1.png\",\"width\":250,\"height\":245,\"caption\":\"Raison d'H\u00eatre S\u00e0rl\"},\"image\":{\"@id\":\"https:\/\/raisondhetre.ch\/fr\/#\/schema\/logo\/image\/\"},\"sameAs\":[\"https:\/\/www.facebook.com\/Raison-dh\u00eatre-109802160403870\"]}]}<\/script>\n<!-- \/ Yoast SEO plugin. -->","yoast_head_json":{"title":"Cours de Yoga et Sophrologie \u00e0 Begnins | Raison d&#039;H\u00eatre","description":"Cours de yoga ou de sophrologie pour vous et vos enfants? Venez lib\u00e9rer votre corps et votre esprit \u00e0 Raison d'H\u00eatre Begnins!","robots":{"index":"index","follow":"follow","max-snippet":"max-snippet:-1","max-image-preview":"max-image-preview:large","max-video-preview":"max-video-preview:-1"},"canonical":"https:\/\/raisondhetre.ch\/fr\/","og_locale":"fr_FR","og_type":"article","og_title":"Cours de Yoga et Sophrologie \u00e0 Begnins | Raison d&#039;H\u00eatre","og_description":"Cours de yoga ou de sophrologie pour vous et vos enfants? Venez lib\u00e9rer votre corps et votre esprit \u00e0 Raison d'H\u00eatre Begnins!","og_url":"https:\/\/raisondhetre.ch\/fr\/","og_site_name":"Raison d&#039;H\u00eatre","article_publisher":"https:\/\/www.facebook.com\/Raison-dh%c3%aatre-109802160403870","article_modified_time":"2026-04-12T20:01:40+00:00","og_image":[{"width":2560,"height":1707,"url":"https:\/\/raisondhetre.ch\/wp-content\/uploads\/2022\/11\/IMG_5940-scaled.jpg","type":"image\/jpeg"}],"twitter_card":"summary_large_image","twitter_misc":{"Dur\u00e9e de lecture estim\u00e9e":"3 minutes"},"schema":{"@context":"https:\/\/schema.org","@graph":[{"@type":"WebPage","@id":"https:\/\/raisondhetre.ch\/fr\/","url":"https:\/\/raisondhetre.ch\/fr\/","name":"Cours de Yoga et Sophrologie \u00e0 Begnins | Raison d&#039;H\u00eatre","isPartOf":{"@id":"https:\/\/raisondhetre.ch\/fr\/#website"},"primaryImageOfPage":{"@id":"https:\/\/raisondhetre.ch\/fr\/#primaryimage"},"image":{"@id":"https:\/\/raisondhetre.ch\/fr\/#primaryimage"},"thumbnailUrl":"https:\/\/raisondhetre.ch\/wp-content\/uploads\/2022\/11\/IMG_5940-scaled.jpg","datePublished":"2017-02-16T08:13:19+00:00","dateModified":"2026-04-12T20:01:40+00:00","description":"Cours de yoga ou de sophrologie pour vous et vos enfants? Venez lib\u00e9rer votre corps et votre esprit \u00e0 Raison d'H\u00eatre Begnins!","breadcrumb":{"@id":"https:\/\/raisondhetre.ch\/fr\/#breadcrumb"},"inLanguage":"fr-FR","potentialAction":[{"@type":"ReadAction","target":["https:\/\/raisondhetre.ch\/fr\/"]}]},{"@type":"ImageObject","inLanguage":"fr-FR","@id":"https:\/\/raisondhetre.ch\/fr\/#primaryimage","url":"https:\/\/raisondhetre.ch\/wp-content\/uploads\/2022\/11\/IMG_5940-scaled.jpg","contentUrl":"https:\/\/raisondhetre.ch\/wp-content\/uploads\/2022\/11\/IMG_5940-scaled.jpg","width":2560,"height":1707},{"@type":"BreadcrumbList","@id":"https:\/\/raisondhetre.ch\/fr\/#breadcrumb","itemListElement":[{"@type":"ListItem","position":1,"name":"Home","item":"https:\/\/raisondhetre.ch\/fr\/"},{"@type":"ListItem","position":2,"name":"Cours de Yoga et Sophrologie \u00e0 Begnins"}]},{"@type":"WebSite","@id":"https:\/\/raisondhetre.ch\/fr\/#website","url":"https:\/\/raisondhetre.ch\/fr\/","name":"Raison d'H\u00eatre","description":"Classes for young and old","publisher":{"@id":"https:\/\/raisondhetre.ch\/fr\/#organization"},"potentialAction":[{"@type":"SearchAction","target":{"@type":"EntryPoint","urlTemplate":"https:\/\/raisondhetre.ch\/fr\/?s={search_term_string}"},"query-input":{"@type":"PropertyValueSpecification","valueRequired":true,"valueName":"search_term_string"}}],"inLanguage":"fr-FR"},{"@type":"Organization","@id":"https:\/\/raisondhetre.ch\/fr\/#organization","name":"Raison d'H\u00eatre S\u00e0rl","url":"https:\/\/raisondhetre.ch\/fr\/","logo":{"@type":"ImageObject","inLanguage":"fr-FR","@id":"https:\/\/raisondhetre.ch\/fr\/#\/schema\/logo\/image\/","url":"https:\/\/raisondhetre.ch\/wp-content\/uploads\/2019\/08\/Logo-1.png","contentUrl":"https:\/\/raisondhetre.ch\/wp-content\/uploads\/2019\/08\/Logo-1.png","width":250,"height":245,"caption":"Raison d'H\u00eatre S\u00e0rl"},"image":{"@id":"https:\/\/raisondhetre.ch\/fr\/#\/schema\/logo\/image\/"},"sameAs":["https:\/\/www.facebook.com\/Raison-dh\u00eatre-109802160403870"]}]}},"jetpack_sharing_enabled":true,"_links":{"self":[{"href":"https:\/\/raisondhetre.ch\/fr\/wp-json\/wp\/v2\/pages\/30156","targetHints":{"allow":["GET"]}}],"collection":[{"href":"https:\/\/raisondhetre.ch\/fr\/wp-json\/wp\/v2\/pages"}],"about":[{"href":"https:\/\/raisondhetre.ch\/fr\/wp-json\/wp\/v2\/types\/page"}],"author":[{"embeddable":true,"href":"https:\/\/raisondhetre.ch\/fr\/wp-json\/wp\/v2\/users\/1"}],"replies":[{"embeddable":true,"href":"https:\/\/raisondhetre.ch\/fr\/wp-json\/wp\/v2\/comments?post=30156"}],"version-history":[{"count":109,"href":"https:\/\/raisondhetre.ch\/fr\/wp-json\/wp\/v2\/pages\/30156\/revisions"}],"predecessor-version":[{"id":32859,"href":"https:\/\/raisondhetre.ch\/fr\/wp-json\/wp\/v2\/pages\/30156\/revisions\/32859"}],"wp:featuredmedia":[{"embeddable":true,"href":"https:\/\/raisondhetre.ch\/fr\/wp-json\/wp\/v2\/media\/30143"}],"wp:attachment":[{"href":"https:\/\/raisondhetre.ch\/fr\/wp-json\/wp\/v2\/media?parent=30156"}],"wp:term":[{"taxonomy":"post_tag","embeddable":true,"href":"https:\/\/raisondhetre.ch\/fr\/wp-json\/wp\/v2\/tags?post=30156"}],"curies":[{"name":"wp","href":"https:\/\/api.w.org\/{rel}","templated":true}]}}